{"id":2462,"date":"2023-01-15T13:30:30","date_gmt":"2023-01-15T05:30:30","guid":{"rendered":"https:\/\/moloysports.com\/?page_id=2462"},"modified":"2023-01-15T13:30:30","modified_gmt":"2023-01-15T05:30:30","slug":"terms-of-use","status":"publish","type":"page","link":"https:\/\/www.moloysports.com\/da\/terms-of-use\/","title":{"rendered":"Vilk\u00e5r for brug"},"content":{"rendered":"<div class=\"wpb-content-wrapper\"><div class=\"vc_row wpb_row vc_row-fluid\"><div class=\"wpb_column vc_column_container vc_col-sm-12\"><div class=\"vc_column-inner\"><div class=\"wpb_wrapper\">\n\t<div class=\"wpb_text_column wpb_content_element\" >\n\t\t<div class=\"wpb_wrapper\">\n\t\t\t<h2><strong>Vilk\u00e5r og betingelser<\/strong><\/h2>\n<p>Velkommen til Moloy Sports!<\/p>\n<p>Disse vilk\u00e5r og betingelser skitserer reglerne og reglerne for brugen af Moloy Sports hjemmeside, som findes p\u00e5 https:\/\/www.moloysports.com\/.<\/p>\n<p>Ved at g\u00e5 ind p\u00e5 denne hjemmeside antager vi, at du accepterer disse vilk\u00e5r og betingelser. Forts\u00e6t ikke med at bruge Moloy Sports, hvis du ikke accepterer alle de vilk\u00e5r og betingelser, der er angivet p\u00e5 denne side.<\/p>\n<p>F\u00f8lgende terminologi g\u00e6lder for disse vilk\u00e5r og betingelser, fortrolighedserkl\u00e6ring og ansvarsfraskrivelse og alle aftaler: &quot;Kunde&quot;, &quot;Du&quot; og &quot;Din&quot; refererer til dig, den person, der logger p\u00e5 denne hjemmeside og er i overensstemmelse med virksomhedens vilk\u00e5r og betingelser. &quot;Virksomheden&quot;, &quot;Os selv&quot;, &quot;Vi&quot;, &quot;Vores&quot; og &quot;Os&quot;, refererer til vores virksomhed. &quot;Parti&quot;, &quot;Parter&quot; eller &quot;Os&quot;, refererer til b\u00e5de kunden og os selv. Alle vilk\u00e5r refererer til det tilbud, accept og modydelse af betaling, der er n\u00f8dvendig for at varetage processen med vores assistance til kunden p\u00e5 den mest hensigtsm\u00e6ssige m\u00e5de med det udtrykkelige form\u00e5l at opfylde kundens behov med hensyn til levering af virksomhedens angivne ydelser, i overensstemmelse med og underlagt g\u00e6ldende hollandsk lovgivning. Enhver brug af ovenst\u00e5ende terminologi eller andre ord i ental, flertal, store bogstaver og\/eller han\/hun eller de, opfattes som udskiftelige og derfor henvise til samme.<\/p>\n<h3><strong>Cookies<\/strong><\/h3>\n<p>Vi anvender brugen af cookies. Ved at f\u00e5 adgang til Moloy Sports accepterede du at bruge cookies i overensstemmelse med Moloy Sports privatlivspolitik.<\/p>\n<p>De fleste interaktive websteder bruger cookies til at lade os hente brugerens detaljer for hvert bes\u00f8g. Cookies bruges af vores hjemmeside for at aktivere funktionaliteten af visse omr\u00e5der for at g\u00f8re det nemmere for folk, der bes\u00f8ger vores hjemmeside. Nogle af vores tilknyttede\/annonceringspartnere kan ogs\u00e5 bruge cookies.<\/p>\n<h3><strong>Licens<\/strong><\/h3>\n<p>Medmindre andet er angivet, ejer Moloy Sports og\/eller dets licensgivere de intellektuelle ejendomsrettigheder til alt materiale p\u00e5 Moloy Sports. Alle intellektuelle ejendomsrettigheder er forbeholdt. Du kan f\u00e5 adgang til dette fra Moloy Sports til dit eget personlige brug underlagt begr\u00e6nsninger angivet i disse vilk\u00e5r og betingelser.<\/p>\n<p>Du m\u00e5 ikke:<\/p>\n<ul>\n<li>Genudgiv materiale fra Moloy Sports<\/li>\n<li>S\u00e6lg, leje eller underlicenser materiale fra Moloy Sports<\/li>\n<li>Gengive, duplikere eller kopiere materiale fra Moloy Sports<\/li>\n<li>Videredistribuer indhold fra Moloy Sports<\/li>\n<\/ul>\n<p>Dele af denne hjemmeside giver brugerne mulighed for at poste og udveksle meninger og information i visse omr\u00e5der af hjemmesiden. Moloy Sports filtrerer, redigerer, offentligg\u00f8r eller anmelder ikke kommentarer f\u00f8r deres tilstedev\u00e6relse p\u00e5 hjemmesiden. Kommentarer afspejler ikke synspunkter og meninger fra Moloy Sports, dets agenter og\/eller tilknyttede selskaber. Kommentarer afspejler synspunkter og meninger fra den person, der poster deres synspunkter og meninger. I det omfang det er tilladt i henhold til g\u00e6ldende love, er Moloy Sports ikke ansvarlig for kommentarerne eller for noget ansvar, skader eller udgifter for\u00e5rsaget og\/eller lidt som f\u00f8lge af enhver brug af og\/eller udstationering af og\/eller fremkomst af kommentarerne p\u00e5 denne hjemmeside.<\/p>\n<p>Moloy Sports forbeholder sig retten til at overv\u00e5ge alle kommentarer og fjerne eventuelle kommentarer, som kan betragtes som upassende, st\u00f8dende eller for\u00e5rsager brud p\u00e5 disse vilk\u00e5r og betingelser.<\/p>\n<p>Du garanterer og repr\u00e6senterer, at:<\/p>\n<ul>\n<li>Du er berettiget til at skrive kommentarerne p\u00e5 vores hjemmeside og har alle n\u00f8dvendige licenser og samtykker til at g\u00f8re det;<\/li>\n<li>Kommentarerne invaderer ikke nogen intellektuel ejendomsret, herunder uden begr\u00e6nsning ophavsret, patent eller varem\u00e6rke tilh\u00f8rende nogen tredjepart;<\/li>\n<li>Kommentarerne indeholder ikke noget \u00e6rekr\u00e6nkende, injurierende, st\u00f8dende, us\u00f8mmeligt eller p\u00e5 anden m\u00e5de ulovligt materiale, som er en kr\u00e6nkelse af privatlivets fred<\/li>\n<li>Kommentarerne vil ikke blive brugt til at anmode om eller promovere forretninger eller tilpassede eller pr\u00e6sentere kommercielle aktiviteter eller ulovlig aktivitet.<\/li>\n<\/ul>\n<p>Du giver hermed Moloy Sports en ikke-eksklusiv licens til at bruge, reproducere, redigere og autorisere andre til at bruge, reproducere og redigere enhver af dine kommentarer i enhver og alle former, formater eller medier.<\/p>\n<h3><strong>Hyperlink til vores indhold<\/strong><\/h3>\n<p>F\u00f8lgende organisationer kan linke til vores hjemmeside uden forudg\u00e5ende skriftlig godkendelse:<\/p>\n<ul>\n<li>Regerings kontorer;<\/li>\n<li>S\u00f8gemaskiner;<\/li>\n<li>Nyhedsorganisationer;<\/li>\n<li>Online katalogdistribut\u00f8rer kan linke til vores hjemmeside p\u00e5 samme m\u00e5de som de hyperlinker til hjemmesider for andre b\u00f8rsnoterede virksomheder; og<\/li>\n<li>Systemd\u00e6kkende akkrediterede virksomheder undtagen opfordring til non-profit organisationer, velg\u00f8rende indk\u00f8bscentre og velg\u00f8rende fundraising-grupper, som muligvis ikke hyperlinker til vores websted.<\/li>\n<\/ul>\n<p>Disse organisationer kan linke til vores hjemmeside, til publikationer eller til anden hjemmesideinformation, s\u00e5 l\u00e6nge linket: (a) ikke p\u00e5 nogen m\u00e5de er vildledende; (b) ikke fejlagtigt indeb\u00e6rer sponsorering, godkendelse eller godkendelse af den linkende part og dennes produkter og\/eller tjenester; og (c) passer ind i konteksten af den linkende parts websted.<\/p>\n<p>Vi kan overveje og godkende andre linkanmodninger fra f\u00f8lgende typer organisationer:<\/p>\n<ul>\n<li>almindeligt kendte forbruger- og\/eller forretningsinformationskilder;<\/li>\n<li>dot.com-f\u00e6llesskabswebsteder;<\/li>\n<li>foreninger eller andre grupper, der repr\u00e6senterer velg\u00f8rende organisationer;<\/li>\n<li>online katalogdistribut\u00f8rer;<\/li>\n<li>Internetportaler;<\/li>\n<li>regnskabs-, advokat- og konsulentfirmaer; og<\/li>\n<li>uddannelsesinstitutioner og brancheforeninger.<\/li>\n<\/ul>\n<p>Vi vil godkende linkanmodninger fra disse organisationer, hvis vi beslutter, at: (a) linket ikke ville f\u00e5 os til at se ugunstigt ud for os selv eller vores akkrediterede virksomheder; (b) organisationen ikke har nogen negative fortegnelser hos os; (c) fordelen for os fra synligheden af hyperlinket kompenserer frav\u00e6ret af Moloy Sports; og (d) linket er i sammenh\u00e6ng med generel ressourceinformation.<\/p>\n<p>Disse organisationer kan linke til vores hjemmeside, s\u00e5 l\u00e6nge linket: (a) ikke p\u00e5 nogen m\u00e5de er vildledende; (b) ikke fejlagtigt antyder sponsorering, godkendelse eller godkendelse af den tilknyttede part og dennes produkter eller tjenester; og (c) passer ind i konteksten af den linkende parts websted.<\/p>\n<p>Hvis du er en af de organisationer, der er anf\u00f8rt i afsnit 2 ovenfor og er interesseret i at linke til vores hjemmeside, skal du informere os ved at sende en e-mail til Moloy Sports. Inkluder venligst dit navn, din organisations navn, kontaktoplysninger samt URL&#039;en p\u00e5 dit websted, en liste over alle URL&#039;er, hvorfra du har til hensigt at linke til vores websted, og en liste over de URL&#039;er p\u00e5 vores websted, som du gerne vil link. Vent 2-3 uger p\u00e5 svar.<\/p>\n<p>Godkendte organisationer kan hyperlinke til vores hjemmeside som f\u00f8lger:<\/p>\n<ul>\n<li>Ved brug af vores firmanavn; eller<\/li>\n<li>Ved at bruge den ensartede ressource locator, der er knyttet til; eller<\/li>\n<li>Ved at bruge enhver anden beskrivelse af vores hjemmeside, der linkes til, giver det mening inden for konteksten og formatet af indholdet p\u00e5 den linkende parts side.<\/li>\n<\/ul>\n<p>Ingen brug af Moloy Sports logo eller andre kunstv\u00e6rker vil v\u00e6re tilladt til link uden en varem\u00e6rkelicensaftale.<\/p>\n<h3><strong>iFrames<\/strong><\/h3>\n<p>Uden forudg\u00e5ende godkendelse og skriftlig tilladelse m\u00e5 du ikke oprette rammer omkring vores websider, der p\u00e5 nogen m\u00e5de \u00e6ndrer den visuelle pr\u00e6sentation eller udseende af vores websted.<\/p>\n<h3><strong>Indholdsansvar<\/strong><\/h3>\n<p>Vi kan ikke holdes ansvarlige for noget indhold, der vises p\u00e5 din hjemmeside. Du accepterer at beskytte og forsvare os mod alle krav, der rejser sig p\u00e5 din hjemmeside. Der m\u00e5 ikke vises nogen links p\u00e5 nogen hjemmeside, der kan fortolkes som injurierende, uanst\u00e6ndig eller kriminel, eller som kr\u00e6nker, p\u00e5 anden m\u00e5de kr\u00e6nker eller fortaler for kr\u00e6nkelse eller anden kr\u00e6nkelse af tredjeparts rettigheder.<\/p>\n<h3><strong>Dit privatliv<\/strong><\/h3>\n<p>L\u00e6s venligst privatlivspolitik<\/p>\n<h3><strong>Rettighedsforbehold<\/strong><\/h3>\n<p>Vi forbeholder os retten til at anmode dig om at fjerne alle links eller ethvert specifikt link til vores hjemmeside. Du godkender straks at fjerne alle links til vores hjemmeside efter anmodning. Vi forbeholder os ogs\u00e5 retten til at \u00e6ndre disse vilk\u00e5r og betingelser og dets linkpolitik til enhver tid. Ved l\u00f8bende at linke til vores hjemmeside, accepterer du at v\u00e6re bundet til og f\u00f8lge disse linkningsvilk\u00e5r og -betingelser.<\/p>\n<h3><strong>Fjernelse af links fra vores hjemmeside<\/strong><\/h3>\n<p>Hvis du finder et link p\u00e5 vores hjemmeside, der er st\u00f8dende af en eller anden grund, er du fri til at kontakte og informere os n\u00e5r som helst. Vi vil overveje anmodninger om at fjerne links, men vi er ikke forpligtet til eller at svare dig direkte.<\/p>\n<p>Vi sikrer ikke, at oplysningerne p\u00e5 denne hjemmeside er korrekte, vi garanterer ikke for fuldst\u00e6ndigheden eller n\u00f8jagtigheden; Vi lover heller ikke at sikre, at hjemmesiden forbliver tilg\u00e6ngelig, eller at materialet p\u00e5 hjemmesiden holdes ajour.<\/p>\n<h3><strong>Ansvarsfraskrivelse<\/strong><\/h3>\n<p>I det maksimale omfang, det er tilladt af g\u00e6ldende lovgivning, udelukker vi alle repr\u00e6sentationer, garantier og betingelser i forbindelse med vores hjemmeside og brugen af denne hjemmeside. Intet i denne ansvarsfraskrivelse vil:<\/p>\n<ul>\n<li>begr\u00e6nse eller udelukke vores eller dit ansvar for d\u00f8dsfald eller personskade;<\/li>\n<li>begr\u00e6nse eller udelukke vores eller dit ansvar for bedrageri eller svigagtig vildledning;<\/li>\n<li>begr\u00e6nse ethvert af vores eller dine forpligtelser p\u00e5 nogen m\u00e5de, som ikke er tilladt i henhold til g\u00e6ldende lovgivning; eller<\/li>\n<li>udelukke ethvert af vores eller dine forpligtelser, som muligvis ikke er udelukket i henhold til g\u00e6ldende lovgivning.<\/li>\n<\/ul>\n<p>De begr\u00e6nsninger og forbud mod ansvar, der er angivet i dette afsnit og andre steder i denne ansvarsfraskrivelse: (a) er underlagt det foreg\u00e5ende afsnit; og (b) regulerer alle forpligtelser, der opst\u00e5r i henhold til ansvarsfraskrivelsen, herunder forpligtelser, der opst\u00e5r i kontrakt, erstatningsansvar og for brud p\u00e5 lovbestemte pligter.<\/p>\n<p>S\u00e5 l\u00e6nge hjemmesiden og informationerne og tjenesterne p\u00e5 hjemmesiden leveres gratis, er vi ikke ansvarlige for tab eller skade af nogen art.<\/p>\n\n\t\t<\/div>\n\t<\/div>\n<\/div><\/div><\/div><\/div>\n<\/div>","protected":false},"excerpt":{"rendered":"Vilk\u00e5r og betingelser Velkommen til Moloy Sports! Disse vilk\u00e5r og betingelser beskriver reglerne og bestemmelserne for brugen af Moloy Sports&#039; hjemmeside, som findes p\u00e5 https:\/\/www.moloysports.com\/. Ved at tilg\u00e5 denne hjemmeside antager vi, at du accepterer disse.<span class=\"excerpt-hellip\"> [\u2026]<\/span>","protected":false},"author":1,"featured_media":0,"parent":0,"menu_order":0,"comment_status":"closed","ping_status":"closed","template":"","meta":{"footnotes":""},"class_list":["post-2462","page","type-page","status-publish","hentry"],"yoast_head":"<!-- This site is optimized with the Yoast SEO plugin v27.2 - https:\/\/yoast.com\/product\/yoast-seo-wordpress\/ -->\n<title>Terms of Use Supplier | MoLoy Sports<\/title>\n<meta name=\"description\" content=\"Moloy Sports, the leading supplier of Stand Up Paddleboard, Surfboards, Racing Board, Inflatable SUPs, Surfing Accessories.To Be Our Distributor. Contact Today!\" \/>\n<meta name=\"robots\" content=\"index, follow, max-snippet:-1, max-image-preview:large, max-video-preview:-1\" \/>\n<link rel=\"canonical\" href=\"https:\/\/www.moloysports.com\/da\/terms-of-use\/\" \/>\n<meta property=\"og:locale\" content=\"da_DK\" \/>\n<meta property=\"og:type\" content=\"article\" \/>\n<meta property=\"og:title\" content=\"Terms of Use Supplier | MoLoy Sports\" \/>\n<meta property=\"og:description\" content=\"Moloy Sports, the leading supplier of Stand Up Paddleboard, Surfboards, Racing Board, Inflatable SUPs, Surfing Accessories.To Be Our Distributor. Contact Today!\" \/>\n<meta property=\"og:url\" content=\"https:\/\/www.moloysports.com\/da\/terms-of-use\/\" \/>\n<meta property=\"og:site_name\" content=\"MoLoy Sports\" \/>\n<meta name=\"twitter:card\" content=\"summary_large_image\" \/>\n<meta name=\"twitter:label1\" content=\"Estimeret l\u00e6setid\" \/>\n\t<meta name=\"twitter:data1\" content=\"7 minutter\" \/>\n<script type=\"application\/ld+json\" class=\"yoast-schema-graph\">{\"@context\":\"https:\/\/schema.org\",\"@graph\":[{\"@type\":\"WebPage\",\"@id\":\"https:\/\/www.moloysports.com\/terms-of-use\/\",\"url\":\"https:\/\/www.moloysports.com\/terms-of-use\/\",\"name\":\"Terms of Use Supplier | MoLoy Sports\",\"isPartOf\":{\"@id\":\"https:\/\/www.moloysports.com\/#website\"},\"datePublished\":\"2023-01-15T05:30:30+00:00\",\"description\":\"Moloy Sports, the leading supplier of Stand Up Paddleboard, Surfboards, Racing Board, Inflatable SUPs, Surfing Accessories.To Be Our Distributor. Contact Today!\",\"breadcrumb\":{\"@id\":\"https:\/\/www.moloysports.com\/terms-of-use\/#breadcrumb\"},\"inLanguage\":\"da-DK\",\"potentialAction\":[{\"@type\":\"ReadAction\",\"target\":[\"https:\/\/www.moloysports.com\/terms-of-use\/\"]}]},{\"@type\":\"BreadcrumbList\",\"@id\":\"https:\/\/www.moloysports.com\/terms-of-use\/#breadcrumb\",\"itemListElement\":[{\"@type\":\"ListItem\",\"position\":1,\"name\":\"Home\",\"item\":\"https:\/\/www.moloysports.com\/\"},{\"@type\":\"ListItem\",\"position\":2,\"name\":\"Terms of Use\"}]},{\"@type\":\"WebSite\",\"@id\":\"https:\/\/www.moloysports.com\/#website\",\"url\":\"https:\/\/www.moloysports.com\/\",\"name\":\"MoLoy Sports\",\"description\":\"\",\"potentialAction\":[{\"@type\":\"SearchAction\",\"target\":{\"@type\":\"EntryPoint\",\"urlTemplate\":\"https:\/\/www.moloysports.com\/?s={search_term_string}\"},\"query-input\":{\"@type\":\"PropertyValueSpecification\",\"valueRequired\":true,\"valueName\":\"search_term_string\"}}],\"inLanguage\":\"da-DK\"}]}<\/script>\n<!-- \/ Yoast SEO plugin. -->","yoast_head_json":{"title":"Terms of Use Supplier | MoLoy Sports","description":"Moloy Sports, the leading supplier of Stand Up Paddleboard, Surfboards, Racing Board, Inflatable SUPs, Surfing Accessories.To Be Our Distributor. Contact Today!","robots":{"index":"index","follow":"follow","max-snippet":"max-snippet:-1","max-image-preview":"max-image-preview:large","max-video-preview":"max-video-preview:-1"},"canonical":"https:\/\/www.moloysports.com\/da\/terms-of-use\/","og_locale":"da_DK","og_type":"article","og_title":"Terms of Use Supplier | MoLoy Sports","og_description":"Moloy Sports, the leading supplier of Stand Up Paddleboard, Surfboards, Racing Board, Inflatable SUPs, Surfing Accessories.To Be Our Distributor. Contact Today!","og_url":"https:\/\/www.moloysports.com\/da\/terms-of-use\/","og_site_name":"MoLoy Sports","twitter_card":"summary_large_image","twitter_misc":{"Estimeret l\u00e6setid":"7 minutter"},"schema":{"@context":"https:\/\/schema.org","@graph":[{"@type":"WebPage","@id":"https:\/\/www.moloysports.com\/terms-of-use\/","url":"https:\/\/www.moloysports.com\/terms-of-use\/","name":"Terms of Use Supplier | MoLoy Sports","isPartOf":{"@id":"https:\/\/www.moloysports.com\/#website"},"datePublished":"2023-01-15T05:30:30+00:00","description":"Moloy Sports, the leading supplier of Stand Up Paddleboard, Surfboards, Racing Board, Inflatable SUPs, Surfing Accessories.To Be Our Distributor. Contact Today!","breadcrumb":{"@id":"https:\/\/www.moloysports.com\/terms-of-use\/#breadcrumb"},"inLanguage":"da-DK","potentialAction":[{"@type":"ReadAction","target":["https:\/\/www.moloysports.com\/terms-of-use\/"]}]},{"@type":"BreadcrumbList","@id":"https:\/\/www.moloysports.com\/terms-of-use\/#breadcrumb","itemListElement":[{"@type":"ListItem","position":1,"name":"Home","item":"https:\/\/www.moloysports.com\/"},{"@type":"ListItem","position":2,"name":"Terms of Use"}]},{"@type":"WebSite","@id":"https:\/\/www.moloysports.com\/#website","url":"https:\/\/www.moloysports.com\/","name":"MoLoy Sports","description":"","potentialAction":[{"@type":"SearchAction","target":{"@type":"EntryPoint","urlTemplate":"https:\/\/www.moloysports.com\/?s={search_term_string}"},"query-input":{"@type":"PropertyValueSpecification","valueRequired":true,"valueName":"search_term_string"}}],"inLanguage":"da-DK"}]}},"_links":{"self":[{"href":"https:\/\/www.moloysports.com\/da\/wp-json\/wp\/v2\/pages\/2462","targetHints":{"allow":["GET"]}}],"collection":[{"href":"https:\/\/www.moloysports.com\/da\/wp-json\/wp\/v2\/pages"}],"about":[{"href":"https:\/\/www.moloysports.com\/da\/wp-json\/wp\/v2\/types\/page"}],"author":[{"embeddable":true,"href":"https:\/\/www.moloysports.com\/da\/wp-json\/wp\/v2\/users\/1"}],"replies":[{"embeddable":true,"href":"https:\/\/www.moloysports.com\/da\/wp-json\/wp\/v2\/comments?post=2462"}],"version-history":[{"count":0,"href":"https:\/\/www.moloysports.com\/da\/wp-json\/wp\/v2\/pages\/2462\/revisions"}],"wp:attachment":[{"href":"https:\/\/www.moloysports.com\/da\/wp-json\/wp\/v2\/media?parent=2462"}],"curies":[{"name":"wp","href":"https:\/\/api.w.org\/{rel}","templated":true}]}}