{"id":2458,"date":"2023-01-15T13:03:26","date_gmt":"2023-01-15T05:03:26","guid":{"rendered":"https:\/\/moloysports.com\/?page_id=2458"},"modified":"2023-01-15T13:28:06","modified_gmt":"2023-01-15T05:28:06","slug":"privacy-policy","status":"publish","type":"page","link":"https:\/\/www.moloysports.com\/de\/privacy-policy\/","title":{"rendered":"Datenschutz-Bestimmungen"},"content":{"rendered":"<div class=\"wpb-content-wrapper\"><div class=\"vc_row wpb_row vc_row-fluid\"><div class=\"wpb_column vc_column_container vc_col-sm-12\"><div class=\"vc_column-inner\"><div class=\"wpb_wrapper\">\n\t<div class=\"wpb_text_column wpb_content_element\" >\n\t\t<div class=\"wpb_wrapper\">\n\t\t\t<h1>Datenschutzrichtlinie f\u00fcr Moloy Sports<\/h1>\n<p>Bei Moloy Sports, erreichbar \u00fcber https:\/\/www.moloysports.com\/, ist die Privatsph\u00e4re unserer Besucher eine unserer Hauptpriorit\u00e4ten. Diese Datenschutzrichtlinie enth\u00e4lt Arten von Informationen, die von Moloy Sports gesammelt und aufgezeichnet werden, und wie wir sie verwenden.<\/p>\n<p>Wenn Sie weitere Fragen haben oder weitere Informationen zu unserer Datenschutzrichtlinie ben\u00f6tigen, z\u00f6gern Sie nicht, uns zu kontaktieren.<\/p>\n<p>Diese Datenschutzrichtlinie gilt nur f\u00fcr unsere Online-Aktivit\u00e4ten und gilt f\u00fcr Besucher unserer Website in Bezug auf die Informationen, die sie in Moloy Sports geteilt und\/oder gesammelt haben. Diese Richtlinie gilt nicht f\u00fcr Informationen, die offline oder \u00fcber andere Kan\u00e4le als diese Website gesammelt werden.<\/p>\n<h2>Zustimmung<\/h2>\n<p>Durch die Nutzung unserer Website stimmen Sie hiermit unserer Datenschutzrichtlinie zu und stimmen ihren Bedingungen zu.<\/p>\n<h2>Informationen, die wir sammeln<\/h2>\n<p>Die personenbezogenen Daten, um die Sie gebeten werden, und die Gr\u00fcnde, warum Sie dazu aufgefordert werden, werden Ihnen an dem Punkt klar gemacht, an dem wir Sie um die Angabe Ihrer personenbezogenen Daten bitten.<\/p>\n<p>Wenn Sie uns direkt kontaktieren, erhalten wir m\u00f6glicherweise zus\u00e4tzliche Informationen \u00fcber Sie, wie z. B. Ihren Namen, Ihre E-Mail-Adresse, Telefonnummer, den Inhalt der Nachricht und\/oder der Anh\u00e4nge, die Sie uns senden, sowie alle anderen Informationen, die Sie angeben m\u00f6chten.<\/p>\n<p>Wenn Sie sich f\u00fcr ein Konto registrieren, fragen wir Sie m\u00f6glicherweise nach Ihren Kontaktinformationen, einschlie\u00dflich Angaben wie Name, Firmenname, Adresse, E-Mail-Adresse und Telefonnummer.<\/p>\n<h2>Wie wir Ihre Informationen verwenden<\/h2>\n<p>Wir verwenden die von uns gesammelten Informationen auf verschiedene Weise, einschlie\u00dflich um:<\/p>\n<ul>\n<li>Bereitstellung, Betrieb und Wartung unserer Website<\/li>\n<li>Verbessern, personalisieren und erweitern Sie unsere Website<\/li>\n<li>Verstehen und analysieren, wie Sie unsere Website nutzen<\/li>\n<li>Entwickeln Sie neue Produkte, Dienstleistungen, Features und Funktionen<\/li>\n<li>Kommunikation mit Ihnen, entweder direkt oder \u00fcber einen unserer Partner, einschlie\u00dflich f\u00fcr den Kundendienst, um Ihnen Updates und andere Informationen in Bezug auf die Website sowie f\u00fcr Marketing- und Werbezwecke zukommen zu lassen<\/li>\n<li>Senden Sie E-Mails<\/li>\n<li>Finden und verhindern Sie Betrug<\/li>\n<\/ul>\n<h2>Protokolldateien<\/h2>\n<p>Moloy Sports folgt einem Standardverfahren zur Verwendung von Protokolldateien. Diese Dateien protokollieren Besucher, wenn sie Websites besuchen. Alle Hosting-Unternehmen tun dies und einen Teil der Analyse der Hosting-Dienste. Zu den von Protokolldateien gesammelten Informationen geh\u00f6ren Internetprotokolladressen (IP-Adressen), Browsertyp, Internetdienstanbieter (ISP), Datums- und Zeitstempel, Verweis-\/Ausstiegsseiten und m\u00f6glicherweise die Anzahl der Klicks. Diese werden nicht mit personenbezogenen Daten verkn\u00fcpft. Der Zweck der Informationen besteht darin, Trends zu analysieren, die Website zu verwalten, die Bewegungen der Benutzer auf der Website zu verfolgen und demografische Informationen zu sammeln.<\/p>\n<h2>Datenschutzrichtlinien von Werbepartnern<\/h2>\n<p>Sie k\u00f6nnen diese Liste konsultieren, um die Datenschutzrichtlinie f\u00fcr jeden der Werbepartner von Moloy Sports zu finden.<\/p>\n<p>Werbeserver oder Werbenetzwerke von Drittanbietern verwenden Technologien wie Cookies, JavaScript oder Web Beacons, die in ihren jeweiligen Anzeigen und Links verwendet werden, die auf Moloy Sports erscheinen und direkt an den Browser der Benutzer gesendet werden. Sie erhalten dabei automatisch Ihre IP-Adresse. Diese Technologien werden verwendet, um die Effektivit\u00e4t ihrer Werbekampagnen zu messen und\/oder die Werbeinhalte zu personalisieren, die Sie auf den von Ihnen besuchten Websites sehen.<\/p>\n<p>Beachten Sie, dass Moloy Sports keinen Zugriff auf oder keine Kontrolle \u00fcber diese Cookies hat, die von Drittanbietern verwendet werden.<\/p>\n<h2>Datenschutzrichtlinien von Drittanbietern<\/h2>\n<p>Die Datenschutzrichtlinie von Moloy Sports gilt nicht f\u00fcr andere Werbetreibende oder Websites. Daher empfehlen wir Ihnen, die jeweiligen Datenschutzrichtlinien dieser Drittanbieter-Ad-Server f\u00fcr detailliertere Informationen zu konsultieren. Es kann ihre Praktiken und Anweisungen zum Deaktivieren bestimmter Optionen enthalten.<\/p>\n<p>Sie k\u00f6nnen Cookies \u00fcber Ihre individuellen Browseroptionen deaktivieren. Ausf\u00fchrlichere Informationen zur Cookie-Verwaltung mit bestimmten Webbrowsern finden Sie auf den jeweiligen Websites der Browser.<\/p>\n<h2>CCPA-Datenschutzrechte (Meine personenbezogenen Daten nicht verkaufen)<\/h2>\n<p>Unter dem CCPA haben kalifornische Verbraucher neben anderen Rechten das Recht:<\/p>\n<p>Verlangen Sie, dass ein Unternehmen, das personenbezogene Daten eines Verbrauchers sammelt, die Kategorien und spezifischen Teile personenbezogener Daten offenlegt, die ein Unternehmen \u00fcber Verbraucher gesammelt hat.<\/p>\n<p>Fordern Sie ein Unternehmen auf, alle personenbezogenen Daten \u00fcber den Verbraucher zu l\u00f6schen, die ein Unternehmen gesammelt hat.<\/p>\n<p>Verlangen Sie, dass ein Unternehmen, das die personenbezogenen Daten eines Verbrauchers verkauft, die personenbezogenen Daten des Verbrauchers nicht verkauft.<\/p>\n<p>Wenn Sie eine Anfrage stellen, haben wir einen Monat Zeit, um Ihnen zu antworten. Wenn Sie eines dieser Rechte aus\u00fcben m\u00f6chten, kontaktieren Sie uns bitte.<\/p>\n<h2>DSGVO Datenschutzrechte<\/h2>\n<p>Wir m\u00f6chten sicherstellen, dass Sie sich all Ihrer Datenschutzrechte voll bewusst sind. Jeder Benutzer hat Anspruch auf:<\/p>\n<p>Auskunftsrecht \u2013 Sie haben das Recht, Kopien Ihrer personenbezogenen Daten anzufordern. F\u00fcr diesen Service k\u00f6nnen wir Ihnen eine kleine Geb\u00fchr berechnen.<\/p>\n<p>Das Recht auf Berichtigung \u2013 Sie haben das Recht zu verlangen, dass wir alle Informationen korrigieren, die Sie f\u00fcr unrichtig halten. Sie haben auch das Recht zu verlangen, dass wir die Informationen vervollst\u00e4ndigen, die Sie f\u00fcr unvollst\u00e4ndig halten.<\/p>\n<p>Das Recht auf L\u00f6schung \u2013 Sie haben das Recht zu verlangen, dass wir Ihre personenbezogenen Daten unter bestimmten Bedingungen l\u00f6schen.<\/p>\n<p>Das Recht auf Einschr\u00e4nkung der Verarbeitung \u2013 Sie haben das Recht zu verlangen, dass wir die Verarbeitung Ihrer personenbezogenen Daten unter bestimmten Bedingungen einschr\u00e4nken.<\/p>\n<p>Das Recht, der Verarbeitung zu widersprechen \u2013 Sie haben unter bestimmten Bedingungen das Recht, unserer Verarbeitung Ihrer personenbezogenen Daten zu widersprechen.<\/p>\n<p>Das Recht auf Daten\u00fcbertragbarkeit \u2013 Sie haben das Recht zu verlangen, dass wir die von uns erfassten Daten unter bestimmten Bedingungen an eine andere Organisation oder direkt an Sie \u00fcbertragen.<\/p>\n<p>Wenn Sie eine Anfrage stellen, haben wir einen Monat Zeit, um Ihnen zu antworten. Wenn Sie eines dieser Rechte aus\u00fcben m\u00f6chten, kontaktieren Sie uns bitte.<\/p>\n<h2>Informationen f\u00fcr Kinder<\/h2>\n<p>Ein weiterer Teil unserer Priorit\u00e4t ist der Schutz von Kindern bei der Nutzung des Internets. Wir ermutigen Eltern und Erziehungsberechtigte, ihre Online-Aktivit\u00e4ten zu beobachten, daran teilzunehmen und\/oder sie zu \u00fcberwachen und zu leiten.<\/p>\n<p>Moloy Sports sammelt wissentlich keine personenbezogenen Daten von Kindern unter 13 Jahren. Wenn Sie der Meinung sind, dass Ihr Kind diese Art von Informationen auf unserer Website bereitgestellt hat, empfehlen wir Ihnen dringend, sich umgehend mit uns in Verbindung zu setzen, und wir werden unser Bestes tun, um dies umgehend zu tun solche Informationen aus unseren Aufzeichnungen entfernen.<\/p>\n\n\t\t<\/div>\n\t<\/div>\n<\/div><\/div><\/div><\/div>\n<\/div>","protected":false},"excerpt":{"rendered":"Datenschutzrichtlinie f\u00fcr Moloy Sports Bei Moloy Sports, erreichbar unter https:\/\/www.moloysports.com\/, ist die Privatsph\u00e4re unserer Besucher eine unserer Hauptpriorit\u00e4ten. Dieses Datenschutzdokument enth\u00e4lt Arten von Informationen, die gesammelt und aufgezeichnet werden<span class=\"excerpt-hellip\"> [\u2026]<\/span>","protected":false},"author":1,"featured_media":0,"parent":0,"menu_order":0,"comment_status":"closed","ping_status":"closed","template":"","meta":{"footnotes":""},"class_list":["post-2458","page","type-page","status-publish","hentry"],"yoast_head":"<!-- This site is optimized with the Yoast SEO plugin v27.2 - https:\/\/yoast.com\/product\/yoast-seo-wordpress\/ -->\n<title>Privacy Policy Supplier | MoLoy Sports<\/title>\n<meta name=\"description\" content=\"Moloy Sports, the leading supplier of Stand Up Paddleboard, Surfboards, Racing Board, Inflatable SUPs, Surfing Accessories.To Be Our Distributor. Contact Today!\" \/>\n<meta name=\"robots\" content=\"index, follow, max-snippet:-1, max-image-preview:large, max-video-preview:-1\" \/>\n<link rel=\"canonical\" href=\"https:\/\/www.moloysports.com\/de\/privacy-policy\/\" \/>\n<meta property=\"og:locale\" content=\"de_DE\" \/>\n<meta property=\"og:type\" content=\"article\" \/>\n<meta property=\"og:title\" content=\"Privacy Policy Supplier | MoLoy Sports\" \/>\n<meta property=\"og:description\" content=\"Moloy Sports, the leading supplier of Stand Up Paddleboard, Surfboards, Racing Board, Inflatable SUPs, Surfing Accessories.To Be Our Distributor. Contact Today!\" \/>\n<meta property=\"og:url\" content=\"https:\/\/www.moloysports.com\/de\/privacy-policy\/\" \/>\n<meta property=\"og:site_name\" content=\"MoLoy Sports\" \/>\n<meta property=\"article:modified_time\" content=\"2023-01-15T05:28:06+00:00\" \/>\n<meta name=\"twitter:card\" content=\"summary_large_image\" \/>\n<meta name=\"twitter:label1\" content=\"Gesch\u00e4tzte Lesezeit\" \/>\n\t<meta name=\"twitter:data1\" content=\"5\u00a0Minuten\" \/>\n<script type=\"application\/ld+json\" class=\"yoast-schema-graph\">{\"@context\":\"https:\/\/schema.org\",\"@graph\":[{\"@type\":\"WebPage\",\"@id\":\"https:\/\/www.moloysports.com\/privacy-policy\/\",\"url\":\"https:\/\/www.moloysports.com\/privacy-policy\/\",\"name\":\"Privacy Policy Supplier | MoLoy Sports\",\"isPartOf\":{\"@id\":\"https:\/\/www.moloysports.com\/#website\"},\"datePublished\":\"2023-01-15T05:03:26+00:00\",\"dateModified\":\"2023-01-15T05:28:06+00:00\",\"description\":\"Moloy Sports, the leading supplier of Stand Up Paddleboard, Surfboards, Racing Board, Inflatable SUPs, Surfing Accessories.To Be Our Distributor. Contact Today!\",\"breadcrumb\":{\"@id\":\"https:\/\/www.moloysports.com\/privacy-policy\/#breadcrumb\"},\"inLanguage\":\"de\",\"potentialAction\":[{\"@type\":\"ReadAction\",\"target\":[\"https:\/\/www.moloysports.com\/privacy-policy\/\"]}]},{\"@type\":\"BreadcrumbList\",\"@id\":\"https:\/\/www.moloysports.com\/privacy-policy\/#breadcrumb\",\"itemListElement\":[{\"@type\":\"ListItem\",\"position\":1,\"name\":\"Home\",\"item\":\"https:\/\/www.moloysports.com\/\"},{\"@type\":\"ListItem\",\"position\":2,\"name\":\"Privacy Policy\"}]},{\"@type\":\"WebSite\",\"@id\":\"https:\/\/www.moloysports.com\/#website\",\"url\":\"https:\/\/www.moloysports.com\/\",\"name\":\"MoLoy Sports\",\"description\":\"\",\"potentialAction\":[{\"@type\":\"SearchAction\",\"target\":{\"@type\":\"EntryPoint\",\"urlTemplate\":\"https:\/\/www.moloysports.com\/?s={search_term_string}\"},\"query-input\":{\"@type\":\"PropertyValueSpecification\",\"valueRequired\":true,\"valueName\":\"search_term_string\"}}],\"inLanguage\":\"de\"}]}<\/script>\n<!-- \/ Yoast SEO plugin. -->","yoast_head_json":{"title":"Privacy Policy Supplier | MoLoy Sports","description":"Moloy Sports, the leading supplier of Stand Up Paddleboard, Surfboards, Racing Board, Inflatable SUPs, Surfing Accessories.To Be Our Distributor. Contact Today!","robots":{"index":"index","follow":"follow","max-snippet":"max-snippet:-1","max-image-preview":"max-image-preview:large","max-video-preview":"max-video-preview:-1"},"canonical":"https:\/\/www.moloysports.com\/de\/privacy-policy\/","og_locale":"de_DE","og_type":"article","og_title":"Privacy Policy Supplier | MoLoy Sports","og_description":"Moloy Sports, the leading supplier of Stand Up Paddleboard, Surfboards, Racing Board, Inflatable SUPs, Surfing Accessories.To Be Our Distributor. Contact Today!","og_url":"https:\/\/www.moloysports.com\/de\/privacy-policy\/","og_site_name":"MoLoy Sports","article_modified_time":"2023-01-15T05:28:06+00:00","twitter_card":"summary_large_image","twitter_misc":{"Gesch\u00e4tzte Lesezeit":"5\u00a0Minuten"},"schema":{"@context":"https:\/\/schema.org","@graph":[{"@type":"WebPage","@id":"https:\/\/www.moloysports.com\/privacy-policy\/","url":"https:\/\/www.moloysports.com\/privacy-policy\/","name":"Privacy Policy Supplier | MoLoy Sports","isPartOf":{"@id":"https:\/\/www.moloysports.com\/#website"},"datePublished":"2023-01-15T05:03:26+00:00","dateModified":"2023-01-15T05:28:06+00:00","description":"Moloy Sports, the leading supplier of Stand Up Paddleboard, Surfboards, Racing Board, Inflatable SUPs, Surfing Accessories.To Be Our Distributor. Contact Today!","breadcrumb":{"@id":"https:\/\/www.moloysports.com\/privacy-policy\/#breadcrumb"},"inLanguage":"de","potentialAction":[{"@type":"ReadAction","target":["https:\/\/www.moloysports.com\/privacy-policy\/"]}]},{"@type":"BreadcrumbList","@id":"https:\/\/www.moloysports.com\/privacy-policy\/#breadcrumb","itemListElement":[{"@type":"ListItem","position":1,"name":"Home","item":"https:\/\/www.moloysports.com\/"},{"@type":"ListItem","position":2,"name":"Privacy Policy"}]},{"@type":"WebSite","@id":"https:\/\/www.moloysports.com\/#website","url":"https:\/\/www.moloysports.com\/","name":"MoLoy Sports","description":"","potentialAction":[{"@type":"SearchAction","target":{"@type":"EntryPoint","urlTemplate":"https:\/\/www.moloysports.com\/?s={search_term_string}"},"query-input":{"@type":"PropertyValueSpecification","valueRequired":true,"valueName":"search_term_string"}}],"inLanguage":"de"}]}},"_links":{"self":[{"href":"https:\/\/www.moloysports.com\/de\/wp-json\/wp\/v2\/pages\/2458","targetHints":{"allow":["GET"]}}],"collection":[{"href":"https:\/\/www.moloysports.com\/de\/wp-json\/wp\/v2\/pages"}],"about":[{"href":"https:\/\/www.moloysports.com\/de\/wp-json\/wp\/v2\/types\/page"}],"author":[{"embeddable":true,"href":"https:\/\/www.moloysports.com\/de\/wp-json\/wp\/v2\/users\/1"}],"replies":[{"embeddable":true,"href":"https:\/\/www.moloysports.com\/de\/wp-json\/wp\/v2\/comments?post=2458"}],"version-history":[{"count":0,"href":"https:\/\/www.moloysports.com\/de\/wp-json\/wp\/v2\/pages\/2458\/revisions"}],"wp:attachment":[{"href":"https:\/\/www.moloysports.com\/de\/wp-json\/wp\/v2\/media?parent=2458"}],"curies":[{"name":"wp","href":"https:\/\/api.w.org\/{rel}","templated":true}]}}