{"id":2462,"date":"2023-01-15T13:30:30","date_gmt":"2023-01-15T05:30:30","guid":{"rendered":"https:\/\/moloysports.com\/?page_id=2462"},"modified":"2023-01-15T13:30:30","modified_gmt":"2023-01-15T05:30:30","slug":"terms-of-use","status":"publish","type":"page","link":"https:\/\/www.moloysports.com\/it\/terms-of-use\/","title":{"rendered":"Termini di utilizzo"},"content":{"rendered":"<div class=\"wpb-content-wrapper\"><div class=\"vc_row wpb_row vc_row-fluid\"><div class=\"wpb_column vc_column_container vc_col-sm-12\"><div class=\"vc_column-inner\"><div class=\"wpb_wrapper\">\n\t<div class=\"wpb_text_column wpb_content_element\" >\n\t\t<div class=\"wpb_wrapper\">\n\t\t\t<h2><strong>Termini e Condizioni<\/strong><\/h2>\n<p>Benvenuti a Moloy Sports!<\/p>\n<p>I presenti termini e condizioni delineano le regole e i regolamenti per l&#039;utilizzo del sito web di Moloy Sports, disponibile all&#039;indirizzo https:\/\/www.moloysports.com\/.<\/p>\n<p>Accedendo a questo sito web, diamo per scontato che accetti questi termini e condizioni. Non continuare a usare Moloy Sports se non accetti di accettare tutti i termini e le condizioni indicati in questa pagina.<\/p>\n<p>La seguente terminologia si applica a questi Termini e Condizioni, Informativa sulla Privacy e Avviso di Esclusione di Responsabilit\u00e0 e tutti gli Accordi: &quot;Cliente&quot;, &quot;Tu&quot; e &quot;Tuo&quot; si riferiscono a te, la persona che accede a questo sito Web e rispetta i termini e le condizioni della Societ\u00e0. &quot;La Societ\u00e0&quot;, &quot;Noi stessi&quot;, &quot;Noi&quot;, &quot;Nostro&quot; e &quot;Noi&quot;, si riferiscono alla nostra Societ\u00e0. &quot;Parte&quot;, &quot;Parti&quot; o &quot;Noi&quot;, si riferiscono sia al Cliente che a noi stessi. Tutti i termini si riferiscono all&#039;offerta, all&#039;accettazione e alla considerazione del pagamento necessari per intraprendere il processo della nostra assistenza al Cliente nel modo pi\u00f9 appropriato allo scopo espresso di soddisfare le esigenze del Cliente in merito alla fornitura dei servizi dichiarati della Societ\u00e0, in conformit\u00e0 e soggetto alla legge prevalente dei Paesi Bassi. Qualsiasi uso della terminologia di cui sopra o di altre parole al singolare, al plurale, in maiuscolo e\/o lui\/lei o loro, sono considerati intercambiabili e pertanto come riferiti allo stesso.<\/p>\n<h3><strong>Biscotti<\/strong><\/h3>\n<p>Utilizziamo i cookie. Accedendo a Moloy Sports, hai accettato di utilizzare i cookie in accordo con la Politica sulla privacy di Moloy Sports.<\/p>\n<p>La maggior parte dei siti web interattivi utilizza i cookie per consentirci di recuperare i dettagli dell&#039;utente per ogni visita. I cookie vengono utilizzati dal nostro sito web per abilitare la funzionalit\u00e0 di alcune aree per semplificare le visite al nostro sito web da parte delle persone. Anche alcuni dei nostri partner affiliati\/pubblicitari potrebbero utilizzare i cookie.<\/p>\n<h3><strong>Licenza<\/strong><\/h3>\n<p>Salvo diversamente specificato, Moloy Sports e\/o i suoi licenziatari detengono i diritti di propriet\u00e0 intellettuale per tutto il materiale su Moloy Sports. Tutti i diritti di propriet\u00e0 intellettuale sono riservati. Puoi accedervi da Moloy Sports per il tuo uso personale soggetto alle restrizioni stabilite in questi termini e condizioni.<\/p>\n<p>Non devi:<\/p>\n<ul>\n<li>Ripubblicare materiale da Moloy Sports<\/li>\n<li>Vendere, affittare o concedere in sublicenza materiale di Moloy Sports<\/li>\n<li>Riprodurre, duplicare o copiare materiale da Moloy Sports<\/li>\n<li>Ridistribuire i contenuti di Moloy Sports<\/li>\n<\/ul>\n<p>Parti di questo sito web offrono agli utenti l&#039;opportunit\u00e0 di pubblicare e scambiare opinioni e informazioni in determinate aree del sito web. Moloy Sports non filtra, modifica, pubblica o esamina i Commenti prima della loro presenza sul sito web. I Commenti non riflettono i punti di vista e le opinioni di Moloy Sports, dei suoi agenti e\/o affiliati. I Commenti riflettono i punti di vista e le opinioni della persona che pubblica i propri punti di vista e opinioni. Nella misura consentita dalle leggi applicabili, Moloy Sports non sar\u00e0 responsabile per i Commenti o per qualsiasi responsabilit\u00e0, danno o spesa causati e\/o subiti a seguito di qualsiasi utilizzo e\/o pubblicazione e\/o apparizione dei Commenti su questo sito web.<\/p>\n<p>Moloy Sports si riserva il diritto di monitorare tutti i Commenti e di rimuovere qualsiasi Commento che possa essere considerato inappropriato, offensivo o che violi i presenti Termini e Condizioni.<\/p>\n<p>Garantisci e dichiari che:<\/p>\n<ul>\n<li>Hai il diritto di pubblicare i Commenti sul nostro sito web e disponi di tutte le licenze e i consensi necessari per farlo;<\/li>\n<li>I Commenti non violano alcun diritto di propriet\u00e0 intellettuale, inclusi, senza limitazioni, copyright, brevetti o marchi di terze parti;<\/li>\n<li>I commenti non contengono alcun materiale diffamatorio, calunnioso, offensivo, indecente o altrimenti illegale che costituisca una violazione della privacy<\/li>\n<li>I Commenti non saranno utilizzati per sollecitare o promuovere affari o consuetudini, n\u00e9 per presentare attivit\u00e0 commerciali o attivit\u00e0 illecite.<\/li>\n<\/ul>\n<p>Con la presente, concedi a Moloy Sports una licenza non esclusiva per utilizzare, riprodurre, modificare e autorizzare altri a utilizzare, riprodurre e modificare qualsiasi tuo Commento in qualsiasi forma, formato o mezzo.<\/p>\n<h3><strong>Collegamento ipertestuale ai nostri contenuti<\/strong><\/h3>\n<p>Le seguenti organizzazioni possono collegarsi al nostro sito Web senza previa approvazione scritta:<\/p>\n<ul>\n<li>Agenzie governative;<\/li>\n<li>Motori di ricerca;<\/li>\n<li>Organizzazioni di informazione;<\/li>\n<li>I distributori di directory online possono collegarsi al nostro sito Web nello stesso modo in cui creano collegamenti ipertestuali ai siti Web di altre aziende elencate; e<\/li>\n<li>Aziende accreditate a livello di sistema, ad eccezione di organizzazioni non profit, centri commerciali di beneficenza e gruppi di raccolta fondi di beneficenza che non possono creare collegamenti ipertestuali al nostro sito Web.<\/li>\n<\/ul>\n<p>Queste organizzazioni possono collegarsi alla nostra home page, a pubblicazioni o ad altre informazioni del sito Web a condizione che il collegamento: (a) non sia in alcun modo ingannevole; (b) non implichi falsamente sponsorizzazione, approvazione o sostegno della parte che crea il collegamento e dei suoi prodotti e\/o servizi; e (c) si adatti al contesto del sito della parte che crea il collegamento.<\/p>\n<p>Potremmo prendere in considerazione e approvare altre richieste di collegamento provenienti dai seguenti tipi di organizzazioni:<\/p>\n<ul>\n<li>fonti di informazioni comunemente note ai consumatori e\/o alle aziende;<\/li>\n<li>siti della comunit\u00e0 dot.com;<\/li>\n<li>associazioni o altri gruppi rappresentativi di enti di beneficenza;<\/li>\n<li>distributori di directory online;<\/li>\n<li>portali internet;<\/li>\n<li>studi di contabilit\u00e0, studi legali e di consulenza; e<\/li>\n<li>istituzioni educative e associazioni di categoria.<\/li>\n<\/ul>\n<p>Approveremo le richieste di collegamento da parte di queste organizzazioni se decidiamo che: (a) il collegamento non ci farebbe apparire sfavorevoli a noi stessi o alle nostre aziende accreditate; (b) l&#039;organizzazione non ha alcun record negativo con noi; (c) il vantaggio per noi derivante dalla visibilit\u00e0 dell&#039;hyperlink compensa l&#039;assenza di Moloy Sports; e (d) il collegamento \u00e8 nel contesto di informazioni generali sulle risorse.<\/p>\n<p>Queste organizzazioni possono collegarsi alla nostra home page a condizione che il collegamento: (a) non sia in alcun modo ingannevole; (b) non implichi falsamente sponsorizzazione, approvazione o sostegno della parte che crea il collegamento e dei suoi prodotti o servizi; e (c) si adatti al contesto del sito della parte che crea il collegamento.<\/p>\n<p>Se sei una delle organizzazioni elencate nel paragrafo 2 di cui sopra e sei interessato a creare un collegamento al nostro sito Web, devi informarci inviando un&#039;e-mail a Moloy Sports. Includi il tuo nome, il nome della tua organizzazione, le informazioni di contatto e l&#039;URL del tuo sito, un elenco di tutti gli URL da cui intendi creare un collegamento al nostro sito Web e un elenco degli URL sul nostro sito a cui vorresti creare un collegamento. Attendi 2-3 settimane per una risposta.<\/p>\n<p>Le organizzazioni approvate possono creare collegamenti ipertestuali al nostro sito Web come segue:<\/p>\n<ul>\n<li>Utilizzando il nostro nome aziendale; o<\/li>\n<li>Utilizzando il localizzatore uniforme di risorse a cui \u00e8 collegato; o<\/li>\n<li>Utilizzando qualsiasi altra descrizione del nostro sito Web a cui si collega, che abbia senso nel contesto e nel formato del contenuto del sito della parte che effettua il collegamento.<\/li>\n<\/ul>\n<p>Non sar\u00e0 consentito l&#039;uso del logo o di altre immagini di Moloy Sports per collegamenti in assenza di un accordo di licenza del marchio.<\/p>\n<h3><strong>iFrame<\/strong><\/h3>\n<p>Senza previa approvazione e autorizzazione scritta, non \u00e8 possibile creare frame attorno alle nostre pagine Web che alterino in alcun modo la presentazione visiva o l&#039;aspetto del nostro sito Web.<\/p>\n<h3><strong>Responsabilit\u00e0 per i contenuti<\/strong><\/h3>\n<p>Non saremo ritenuti responsabili per alcun contenuto che appare sul tuo sito web. Accetti di proteggerci e difenderci da tutte le rivendicazioni che sorgono sul tuo sito web. Nessun collegamento dovrebbe apparire su alcun sito web che possa essere interpretato come diffamatorio, osceno o criminale, o che violi, in altro modo violi o sostenga la violazione o altra violazione di diritti di terze parti.<\/p>\n<h3><strong>La tua privacy<\/strong><\/h3>\n<p>Si prega di leggere l&#039;Informativa sulla privacy<\/p>\n<h3><strong>Riserva di diritti<\/strong><\/h3>\n<p>Ci riserviamo il diritto di richiedere la rimozione di tutti i link o di qualsiasi link specifico al nostro sito Web. Accetti di rimuovere immediatamente tutti i link al nostro sito Web su richiesta. Ci riserviamo inoltre il diritto di modificare questi termini e condizioni e la politica sui link in qualsiasi momento. Collegandoti continuamente al nostro sito Web, accetti di essere vincolato e di seguire questi termini e condizioni sui link.<\/p>\n<h3><strong>Rimozione dei link dal nostro sito web<\/strong><\/h3>\n<p>Se trovate un link sul nostro sito Web che sia offensivo per qualsiasi motivo, siete liberi di contattarci e informarci in qualsiasi momento. Prenderemo in considerazione le richieste di rimozione dei link, ma non siamo obbligati a farlo o a rispondervi direttamente.<\/p>\n<p>Non garantiamo che le informazioni contenute in questo sito web siano corrette, non ne garantiamo la completezza o l&#039;accuratezza; n\u00e9 promettiamo di garantire che il sito web rimanga disponibile o che il materiale in esso contenuto venga mantenuto aggiornato.<\/p>\n<h3><strong>Disclaimer<\/strong><\/h3>\n<p>Nella misura massima consentita dalla legge applicabile, escludiamo tutte le dichiarazioni, garanzie e condizioni relative al nostro sito Web e all&#039;uso di questo sito Web. Nulla in questa clausola di esclusione di responsabilit\u00e0:<\/p>\n<ul>\n<li>limitare o escludere la nostra o la vostra responsabilit\u00e0 per morte o lesioni personali;<\/li>\n<li>limitare o escludere la nostra o la vostra responsabilit\u00e0 per frode o falsa dichiarazione;<\/li>\n<li>limitare una qualsiasi delle nostre o delle vostre responsabilit\u00e0 in qualsiasi modo non consentito dalla legge applicabile; o<\/li>\n<li>escludere qualsiasi nostra o vostra responsabilit\u00e0 che non possa essere esclusa ai sensi della legge applicabile.<\/li>\n<\/ul>\n<p>Le limitazioni e i divieti di responsabilit\u00e0 stabiliti nella presente Sezione e altrove in questa clausola di esclusione di responsabilit\u00e0: (a) sono soggetti al paragrafo precedente; e (b) regolano tutte le responsabilit\u00e0 derivanti dalla clausola di esclusione di responsabilit\u00e0, comprese le responsabilit\u00e0 derivanti da contratto, da illecito civile e per violazione di obblighi di legge.<\/p>\n<p>Finch\u00e9 il sito web, le informazioni e i servizi in esso contenuti saranno forniti gratuitamente, non saremo responsabili per eventuali perdite o danni di qualsiasi natura.<\/p>\n\n\t\t<\/div>\n\t<\/div>\n<\/div><\/div><\/div><\/div>\n<\/div>","protected":false},"excerpt":{"rendered":"Termini e Condizioni Benvenuti su Moloy Sports! Questi termini e condizioni delineano le regole e i regolamenti per l&#039;utilizzo del sito web di Moloy Sports, disponibile all&#039;indirizzo https:\/\/www.moloysports.com\/. Accedendo a questo sito web, presumiamo che tu accetti questi termini e condizioni.<span class=\"excerpt-hellip\"> [\u2026]<\/span>","protected":false},"author":1,"featured_media":0,"parent":0,"menu_order":0,"comment_status":"closed","ping_status":"closed","template":"","meta":{"footnotes":""},"class_list":["post-2462","page","type-page","status-publish","hentry"],"yoast_head":"<!-- This site is optimized with the Yoast SEO plugin v27.2 - https:\/\/yoast.com\/product\/yoast-seo-wordpress\/ -->\n<title>Terms of Use Supplier | MoLoy Sports<\/title>\n<meta name=\"description\" content=\"Moloy Sports, the leading supplier of Stand Up Paddleboard, Surfboards, Racing Board, Inflatable SUPs, Surfing Accessories.To Be Our Distributor. Contact Today!\" \/>\n<meta name=\"robots\" content=\"index, follow, max-snippet:-1, max-image-preview:large, max-video-preview:-1\" \/>\n<link rel=\"canonical\" href=\"https:\/\/www.moloysports.com\/it\/terms-of-use\/\" \/>\n<meta property=\"og:locale\" content=\"it_IT\" \/>\n<meta property=\"og:type\" content=\"article\" \/>\n<meta property=\"og:title\" content=\"Terms of Use Supplier | MoLoy Sports\" \/>\n<meta property=\"og:description\" content=\"Moloy Sports, the leading supplier of Stand Up Paddleboard, Surfboards, Racing Board, Inflatable SUPs, Surfing Accessories.To Be Our Distributor. Contact Today!\" \/>\n<meta property=\"og:url\" content=\"https:\/\/www.moloysports.com\/it\/terms-of-use\/\" \/>\n<meta property=\"og:site_name\" content=\"MoLoy Sports\" \/>\n<meta name=\"twitter:card\" content=\"summary_large_image\" \/>\n<meta name=\"twitter:label1\" content=\"Tempo di lettura stimato\" \/>\n\t<meta name=\"twitter:data1\" content=\"7 minuti\" \/>\n<script type=\"application\/ld+json\" class=\"yoast-schema-graph\">{\"@context\":\"https:\/\/schema.org\",\"@graph\":[{\"@type\":\"WebPage\",\"@id\":\"https:\/\/www.moloysports.com\/terms-of-use\/\",\"url\":\"https:\/\/www.moloysports.com\/terms-of-use\/\",\"name\":\"Terms of Use Supplier | MoLoy Sports\",\"isPartOf\":{\"@id\":\"https:\/\/www.moloysports.com\/#website\"},\"datePublished\":\"2023-01-15T05:30:30+00:00\",\"description\":\"Moloy Sports, the leading supplier of Stand Up Paddleboard, Surfboards, Racing Board, Inflatable SUPs, Surfing Accessories.To Be Our Distributor. Contact Today!\",\"breadcrumb\":{\"@id\":\"https:\/\/www.moloysports.com\/terms-of-use\/#breadcrumb\"},\"inLanguage\":\"it-IT\",\"potentialAction\":[{\"@type\":\"ReadAction\",\"target\":[\"https:\/\/www.moloysports.com\/terms-of-use\/\"]}]},{\"@type\":\"BreadcrumbList\",\"@id\":\"https:\/\/www.moloysports.com\/terms-of-use\/#breadcrumb\",\"itemListElement\":[{\"@type\":\"ListItem\",\"position\":1,\"name\":\"Home\",\"item\":\"https:\/\/www.moloysports.com\/\"},{\"@type\":\"ListItem\",\"position\":2,\"name\":\"Terms of Use\"}]},{\"@type\":\"WebSite\",\"@id\":\"https:\/\/www.moloysports.com\/#website\",\"url\":\"https:\/\/www.moloysports.com\/\",\"name\":\"MoLoy Sports\",\"description\":\"\",\"potentialAction\":[{\"@type\":\"SearchAction\",\"target\":{\"@type\":\"EntryPoint\",\"urlTemplate\":\"https:\/\/www.moloysports.com\/?s={search_term_string}\"},\"query-input\":{\"@type\":\"PropertyValueSpecification\",\"valueRequired\":true,\"valueName\":\"search_term_string\"}}],\"inLanguage\":\"it-IT\"}]}<\/script>\n<!-- \/ Yoast SEO plugin. -->","yoast_head_json":{"title":"Terms of Use Supplier | MoLoy Sports","description":"Moloy Sports, the leading supplier of Stand Up Paddleboard, Surfboards, Racing Board, Inflatable SUPs, Surfing Accessories.To Be Our Distributor. Contact Today!","robots":{"index":"index","follow":"follow","max-snippet":"max-snippet:-1","max-image-preview":"max-image-preview:large","max-video-preview":"max-video-preview:-1"},"canonical":"https:\/\/www.moloysports.com\/it\/terms-of-use\/","og_locale":"it_IT","og_type":"article","og_title":"Terms of Use Supplier | MoLoy Sports","og_description":"Moloy Sports, the leading supplier of Stand Up Paddleboard, Surfboards, Racing Board, Inflatable SUPs, Surfing Accessories.To Be Our Distributor. Contact Today!","og_url":"https:\/\/www.moloysports.com\/it\/terms-of-use\/","og_site_name":"MoLoy Sports","twitter_card":"summary_large_image","twitter_misc":{"Tempo di lettura stimato":"7 minuti"},"schema":{"@context":"https:\/\/schema.org","@graph":[{"@type":"WebPage","@id":"https:\/\/www.moloysports.com\/terms-of-use\/","url":"https:\/\/www.moloysports.com\/terms-of-use\/","name":"Terms of Use Supplier | MoLoy Sports","isPartOf":{"@id":"https:\/\/www.moloysports.com\/#website"},"datePublished":"2023-01-15T05:30:30+00:00","description":"Moloy Sports, the leading supplier of Stand Up Paddleboard, Surfboards, Racing Board, Inflatable SUPs, Surfing Accessories.To Be Our Distributor. Contact Today!","breadcrumb":{"@id":"https:\/\/www.moloysports.com\/terms-of-use\/#breadcrumb"},"inLanguage":"it-IT","potentialAction":[{"@type":"ReadAction","target":["https:\/\/www.moloysports.com\/terms-of-use\/"]}]},{"@type":"BreadcrumbList","@id":"https:\/\/www.moloysports.com\/terms-of-use\/#breadcrumb","itemListElement":[{"@type":"ListItem","position":1,"name":"Home","item":"https:\/\/www.moloysports.com\/"},{"@type":"ListItem","position":2,"name":"Terms of Use"}]},{"@type":"WebSite","@id":"https:\/\/www.moloysports.com\/#website","url":"https:\/\/www.moloysports.com\/","name":"MoLoy Sports","description":"","potentialAction":[{"@type":"SearchAction","target":{"@type":"EntryPoint","urlTemplate":"https:\/\/www.moloysports.com\/?s={search_term_string}"},"query-input":{"@type":"PropertyValueSpecification","valueRequired":true,"valueName":"search_term_string"}}],"inLanguage":"it-IT"}]}},"_links":{"self":[{"href":"https:\/\/www.moloysports.com\/it\/wp-json\/wp\/v2\/pages\/2462","targetHints":{"allow":["GET"]}}],"collection":[{"href":"https:\/\/www.moloysports.com\/it\/wp-json\/wp\/v2\/pages"}],"about":[{"href":"https:\/\/www.moloysports.com\/it\/wp-json\/wp\/v2\/types\/page"}],"author":[{"embeddable":true,"href":"https:\/\/www.moloysports.com\/it\/wp-json\/wp\/v2\/users\/1"}],"replies":[{"embeddable":true,"href":"https:\/\/www.moloysports.com\/it\/wp-json\/wp\/v2\/comments?post=2462"}],"version-history":[{"count":0,"href":"https:\/\/www.moloysports.com\/it\/wp-json\/wp\/v2\/pages\/2462\/revisions"}],"wp:attachment":[{"href":"https:\/\/www.moloysports.com\/it\/wp-json\/wp\/v2\/media?parent=2462"}],"curies":[{"name":"wp","href":"https:\/\/api.w.org\/{rel}","templated":true}]}}