{"id":2458,"date":"2023-01-15T13:03:26","date_gmt":"2023-01-15T05:03:26","guid":{"rendered":"https:\/\/moloysports.com\/?page_id=2458"},"modified":"2023-01-15T13:28:06","modified_gmt":"2023-01-15T05:28:06","slug":"privacy-policy","status":"publish","type":"page","link":"https:\/\/www.moloysports.com\/pt\/privacy-policy\/","title":{"rendered":"pol\u00edtica de Privacidade"},"content":{"rendered":"<div class=\"wpb-content-wrapper\"><div class=\"vc_row wpb_row vc_row-fluid\"><div class=\"wpb_column vc_column_container vc_col-sm-12\"><div class=\"vc_column-inner\"><div class=\"wpb_wrapper\">\n\t<div class=\"wpb_text_column wpb_content_element\" >\n\t\t<div class=\"wpb_wrapper\">\n\t\t\t<h1>Pol\u00edtica de Privacidade para Moloy Sports<\/h1>\n<p>Na Moloy Sports, acess\u00edvel em https:\/\/www.moloysports.com\/, uma de nossas principais prioridades \u00e9 a privacidade de nossos visitantes. Este documento da Pol\u00edtica de Privacidade cont\u00e9m tipos de informa\u00e7\u00f5es que s\u00e3o coletadas e registradas pela Moloy Sports e como as usamos.<\/p>\n<p>Se voc\u00ea tiver d\u00favidas adicionais ou precisar de mais informa\u00e7\u00f5es sobre nossa Pol\u00edtica de Privacidade, n\u00e3o hesite em nos contatar.<\/p>\n<p>Esta Pol\u00edtica de Privacidade aplica-se apenas \u00e0s nossas atividades online e \u00e9 v\u00e1lida para os visitantes do nosso site no que diz respeito \u00e0s informa\u00e7\u00f5es que eles compartilharam e\/ou coletaram na Moloy Sports. Esta pol\u00edtica n\u00e3o se aplica a nenhuma informa\u00e7\u00e3o coletada offline ou por meio de outros canais que n\u00e3o este site.<\/p>\n<h2>Consentimento<\/h2>\n<p>Ao usar nosso site, voc\u00ea concorda com nossa Pol\u00edtica de Privacidade e concorda com seus termos.<\/p>\n<h2>Informa\u00e7\u00f5es que coletamos<\/h2>\n<p>As informa\u00e7\u00f5es pessoais que lhe s\u00e3o solicitadas e as raz\u00f5es pelas quais voc\u00ea \u00e9 solicitado a fornec\u00ea-las ser\u00e3o esclarecidas no momento em que solicitarmos que voc\u00ea forne\u00e7a suas informa\u00e7\u00f5es pessoais.<\/p>\n<p>Se voc\u00ea entrar em contato conosco diretamente, podemos receber informa\u00e7\u00f5es adicionais sobre voc\u00ea, como seu nome, endere\u00e7o de e-mail, n\u00famero de telefone, o conte\u00fado da mensagem e\/ou anexos que voc\u00ea pode nos enviar e qualquer outra informa\u00e7\u00e3o que voc\u00ea queira fornecer.<\/p>\n<p>Quando voc\u00ea se registra em uma conta, podemos solicitar suas informa\u00e7\u00f5es de contato, incluindo itens como nome, nome da empresa, endere\u00e7o, endere\u00e7o de e-mail e n\u00famero de telefone.<\/p>\n<h2>Como usamos suas informa\u00e7\u00f5es<\/h2>\n<p>Usamos as informa\u00e7\u00f5es que coletamos de v\u00e1rias maneiras, inclusive para:<\/p>\n<ul>\n<li>Fornecer, operar e manter nosso site<\/li>\n<li>Melhorar, personalizar e expandir nosso site<\/li>\n<li>Entender e analisar como voc\u00ea usa nosso site<\/li>\n<li>Desenvolver novos produtos, servi\u00e7os, recursos e funcionalidades<\/li>\n<li>Comunicar-se com voc\u00ea, diretamente ou por meio de um de nossos parceiros, inclusive para atendimento ao cliente, para fornecer atualiza\u00e7\u00f5es e outras informa\u00e7\u00f5es relacionadas ao site e para fins promocionais e de marketing<\/li>\n<li>Enviar e-mails para voc\u00ea<\/li>\n<li>Encontre e evite fraudes<\/li>\n<\/ul>\n<h2>Arquivos de registro<\/h2>\n<p>Moloy Sports segue um procedimento padr\u00e3o de uso de arquivos de log. Esses arquivos registram os visitantes quando eles visitam sites. Todas as empresas de hospedagem fazem isso e fazem parte da an\u00e1lise dos servi\u00e7os de hospedagem. As informa\u00e7\u00f5es coletadas pelos arquivos de log incluem endere\u00e7os de protocolo da Internet (IP), tipo de navegador, provedor de servi\u00e7os de Internet (ISP), carimbo de data e hora, p\u00e1ginas de refer\u00eancia\/sa\u00edda e possivelmente o n\u00famero de cliques. Estes n\u00e3o est\u00e3o vinculados a nenhuma informa\u00e7\u00e3o que seja pessoalmente identific\u00e1vel. O objetivo das informa\u00e7\u00f5es \u00e9 analisar tend\u00eancias, administrar o site, rastrear o movimento dos usu\u00e1rios no site e coletar informa\u00e7\u00f5es demogr\u00e1ficas.<\/p>\n<h2>Pol\u00edticas de privacidade de parceiros de publicidade<\/h2>\n<p>Voc\u00ea pode consultar esta lista para encontrar a Pol\u00edtica de Privacidade de cada um dos parceiros de publicidade da Moloy Sports.<\/p>\n<p>Servidores de an\u00fancios ou redes de an\u00fancios de terceiros usam tecnologias como cookies, JavaScript ou Web Beacons que s\u00e3o usados em seus respectivos an\u00fancios e links que aparecem no Moloy Sports, que s\u00e3o enviados diretamente ao navegador dos usu\u00e1rios. Eles recebem automaticamente seu endere\u00e7o IP quando isso ocorre. Essas tecnologias s\u00e3o usadas para medir a efic\u00e1cia de suas campanhas publicit\u00e1rias e\/ou para personalizar o conte\u00fado publicit\u00e1rio que voc\u00ea v\u00ea nos sites que visita.<\/p>\n<p>Observe que a Moloy Sports n\u00e3o tem acesso ou controle sobre esses cookies usados por anunciantes terceirizados.<\/p>\n<h2>Pol\u00edticas de privacidade de terceiros<\/h2>\n<p>A Pol\u00edtica de Privacidade da Moloy Sports n\u00e3o se aplica a outros anunciantes ou sites. Assim, aconselhamos a consulta das respectivas Pol\u00edticas de Privacidade desses servidores de an\u00fancios de terceiros para informa\u00e7\u00f5es mais detalhadas. Pode incluir suas pr\u00e1ticas e instru\u00e7\u00f5es sobre como cancelar certas op\u00e7\u00f5es.<\/p>\n<p>Voc\u00ea pode optar por desativar os cookies por meio das op\u00e7\u00f5es individuais do seu navegador. Para saber informa\u00e7\u00f5es mais detalhadas sobre o gerenciamento de cookies com navegadores espec\u00edficos, elas podem ser encontradas nos respectivos sites dos navegadores.<\/p>\n<h2>Direitos de privacidade da CCPA (n\u00e3o venda minhas informa\u00e7\u00f5es pessoais)<\/h2>\n<p>De acordo com a CCPA, entre outros direitos, os consumidores da Calif\u00f3rnia t\u00eam o direito de:<\/p>\n<p>Solicite que uma empresa que coleta dados pessoais de um consumidor divulgue as categorias e partes espec\u00edficas de dados pessoais que uma empresa coletou sobre os consumidores.<\/p>\n<p>Solicite que uma empresa exclua quaisquer dados pessoais sobre o consumidor que uma empresa tenha coletado.<\/p>\n<p>Solicite que uma empresa que vende os dados pessoais de um consumidor n\u00e3o venda os dados pessoais do consumidor.<\/p>\n<p>Se voc\u00ea fizer uma solicita\u00e7\u00e3o, temos um m\u00eas para responder. Se voc\u00ea deseja exercer algum desses direitos, entre em contato conosco.<\/p>\n<h2>Direitos de prote\u00e7\u00e3o de dados GDPR<\/h2>\n<p>Gostar\u00edamos de ter certeza de que voc\u00ea est\u00e1 totalmente ciente de todos os seus direitos de prote\u00e7\u00e3o de dados. Todo usu\u00e1rio tem direito ao seguinte:<\/p>\n<p>O direito de acesso \u2013 Voc\u00ea tem o direito de solicitar c\u00f3pias de seus dados pessoais. Podemos cobrar uma pequena taxa por este servi\u00e7o.<\/p>\n<p>O direito de retifica\u00e7\u00e3o \u2013 Voc\u00ea tem o direito de solicitar que corrijamos qualquer informa\u00e7\u00e3o que considere imprecisa. Voc\u00ea tamb\u00e9m tem o direito de solicitar que completemos as informa\u00e7\u00f5es que acredita estarem incompletas.<\/p>\n<p>O direito ao apagamento \u2013 Tem o direito de solicitar que apaguemos os seus dados pessoais, em determinadas condi\u00e7\u00f5es.<\/p>\n<p>O direito de restringir o processamento \u2013 Voc\u00ea tem o direito de solicitar que restrinjamos o processamento de seus dados pessoais, sob certas condi\u00e7\u00f5es.<\/p>\n<p>O direito de se opor ao processamento \u2013 Voc\u00ea tem o direito de se opor ao processamento de seus dados pessoais, sob certas condi\u00e7\u00f5es.<\/p>\n<p>O direito \u00e0 portabilidade de dados \u2013 Voc\u00ea tem o direito de solicitar que transfiramos os dados que coletamos para outra organiza\u00e7\u00e3o, ou diretamente para voc\u00ea, sob certas condi\u00e7\u00f5es.<\/p>\n<p>Se voc\u00ea fizer uma solicita\u00e7\u00e3o, temos um m\u00eas para responder. Se voc\u00ea deseja exercer algum desses direitos, entre em contato conosco.<\/p>\n<h2>Informa\u00e7\u00f5es infantis<\/h2>\n<p>Outra parte de nossa prioridade \u00e9 adicionar prote\u00e7\u00e3o para crian\u00e7as durante o uso da Internet. Incentivamos os pais e respons\u00e1veis a observar, participar e\/ou monitorar e orientar suas atividades online.<\/p>\n<p>A Moloy Sports n\u00e3o coleta intencionalmente nenhuma informa\u00e7\u00e3o pessoal identific\u00e1vel de crian\u00e7as menores de 13 anos. remover tais informa\u00e7\u00f5es de nossos registros.<\/p>\n\n\t\t<\/div>\n\t<\/div>\n<\/div><\/div><\/div><\/div>\n<\/div>","protected":false},"excerpt":{"rendered":"Pol\u00edtica de Privacidade da Moloy Sports Na Moloy Sports, acess\u00edvel em https:\/\/www.moloysports.com\/, uma de nossas principais prioridades \u00e9 a privacidade de nossos visitantes. Este documento de Pol\u00edtica de Privacidade cont\u00e9m os tipos de informa\u00e7\u00f5es que s\u00e3o coletadas e registradas.<span class=\"excerpt-hellip\"> [\u2026]<\/span>","protected":false},"author":1,"featured_media":0,"parent":0,"menu_order":0,"comment_status":"closed","ping_status":"closed","template":"","meta":{"footnotes":""},"class_list":["post-2458","page","type-page","status-publish","hentry"],"yoast_head":"<!-- This site is optimized with the Yoast SEO plugin v27.2 - https:\/\/yoast.com\/product\/yoast-seo-wordpress\/ -->\n<title>Privacy Policy Supplier | MoLoy Sports<\/title>\n<meta name=\"description\" content=\"Moloy Sports, the leading supplier of Stand Up Paddleboard, Surfboards, Racing Board, Inflatable SUPs, Surfing Accessories.To Be Our Distributor. Contact Today!\" \/>\n<meta name=\"robots\" content=\"index, follow, max-snippet:-1, max-image-preview:large, max-video-preview:-1\" \/>\n<link rel=\"canonical\" href=\"https:\/\/www.moloysports.com\/pt\/privacy-policy\/\" \/>\n<meta property=\"og:locale\" content=\"pt_PT\" \/>\n<meta property=\"og:type\" content=\"article\" \/>\n<meta property=\"og:title\" content=\"Privacy Policy Supplier | MoLoy Sports\" \/>\n<meta property=\"og:description\" content=\"Moloy Sports, the leading supplier of Stand Up Paddleboard, Surfboards, Racing Board, Inflatable SUPs, Surfing Accessories.To Be Our Distributor. Contact Today!\" \/>\n<meta property=\"og:url\" content=\"https:\/\/www.moloysports.com\/pt\/privacy-policy\/\" \/>\n<meta property=\"og:site_name\" content=\"MoLoy Sports\" \/>\n<meta property=\"article:modified_time\" content=\"2023-01-15T05:28:06+00:00\" \/>\n<meta name=\"twitter:card\" content=\"summary_large_image\" \/>\n<meta name=\"twitter:label1\" content=\"Tempo estimado de leitura\" \/>\n\t<meta name=\"twitter:data1\" content=\"5 minutos\" \/>\n<script type=\"application\/ld+json\" class=\"yoast-schema-graph\">{\"@context\":\"https:\/\/schema.org\",\"@graph\":[{\"@type\":\"WebPage\",\"@id\":\"https:\/\/www.moloysports.com\/privacy-policy\/\",\"url\":\"https:\/\/www.moloysports.com\/privacy-policy\/\",\"name\":\"Privacy Policy Supplier | MoLoy Sports\",\"isPartOf\":{\"@id\":\"https:\/\/www.moloysports.com\/#website\"},\"datePublished\":\"2023-01-15T05:03:26+00:00\",\"dateModified\":\"2023-01-15T05:28:06+00:00\",\"description\":\"Moloy Sports, the leading supplier of Stand Up Paddleboard, Surfboards, Racing Board, Inflatable SUPs, Surfing Accessories.To Be Our Distributor. Contact Today!\",\"breadcrumb\":{\"@id\":\"https:\/\/www.moloysports.com\/privacy-policy\/#breadcrumb\"},\"inLanguage\":\"pt-PT\",\"potentialAction\":[{\"@type\":\"ReadAction\",\"target\":[\"https:\/\/www.moloysports.com\/privacy-policy\/\"]}]},{\"@type\":\"BreadcrumbList\",\"@id\":\"https:\/\/www.moloysports.com\/privacy-policy\/#breadcrumb\",\"itemListElement\":[{\"@type\":\"ListItem\",\"position\":1,\"name\":\"Home\",\"item\":\"https:\/\/www.moloysports.com\/\"},{\"@type\":\"ListItem\",\"position\":2,\"name\":\"Privacy Policy\"}]},{\"@type\":\"WebSite\",\"@id\":\"https:\/\/www.moloysports.com\/#website\",\"url\":\"https:\/\/www.moloysports.com\/\",\"name\":\"MoLoy Sports\",\"description\":\"\",\"potentialAction\":[{\"@type\":\"SearchAction\",\"target\":{\"@type\":\"EntryPoint\",\"urlTemplate\":\"https:\/\/www.moloysports.com\/?s={search_term_string}\"},\"query-input\":{\"@type\":\"PropertyValueSpecification\",\"valueRequired\":true,\"valueName\":\"search_term_string\"}}],\"inLanguage\":\"pt-PT\"}]}<\/script>\n<!-- \/ Yoast SEO plugin. -->","yoast_head_json":{"title":"Privacy Policy Supplier | MoLoy Sports","description":"Moloy Sports, the leading supplier of Stand Up Paddleboard, Surfboards, Racing Board, Inflatable SUPs, Surfing Accessories.To Be Our Distributor. Contact Today!","robots":{"index":"index","follow":"follow","max-snippet":"max-snippet:-1","max-image-preview":"max-image-preview:large","max-video-preview":"max-video-preview:-1"},"canonical":"https:\/\/www.moloysports.com\/pt\/privacy-policy\/","og_locale":"pt_PT","og_type":"article","og_title":"Privacy Policy Supplier | MoLoy Sports","og_description":"Moloy Sports, the leading supplier of Stand Up Paddleboard, Surfboards, Racing Board, Inflatable SUPs, Surfing Accessories.To Be Our Distributor. Contact Today!","og_url":"https:\/\/www.moloysports.com\/pt\/privacy-policy\/","og_site_name":"MoLoy Sports","article_modified_time":"2023-01-15T05:28:06+00:00","twitter_card":"summary_large_image","twitter_misc":{"Tempo estimado de leitura":"5 minutos"},"schema":{"@context":"https:\/\/schema.org","@graph":[{"@type":"WebPage","@id":"https:\/\/www.moloysports.com\/privacy-policy\/","url":"https:\/\/www.moloysports.com\/privacy-policy\/","name":"Privacy Policy Supplier | MoLoy Sports","isPartOf":{"@id":"https:\/\/www.moloysports.com\/#website"},"datePublished":"2023-01-15T05:03:26+00:00","dateModified":"2023-01-15T05:28:06+00:00","description":"Moloy Sports, the leading supplier of Stand Up Paddleboard, Surfboards, Racing Board, Inflatable SUPs, Surfing Accessories.To Be Our Distributor. Contact Today!","breadcrumb":{"@id":"https:\/\/www.moloysports.com\/privacy-policy\/#breadcrumb"},"inLanguage":"pt-PT","potentialAction":[{"@type":"ReadAction","target":["https:\/\/www.moloysports.com\/privacy-policy\/"]}]},{"@type":"BreadcrumbList","@id":"https:\/\/www.moloysports.com\/privacy-policy\/#breadcrumb","itemListElement":[{"@type":"ListItem","position":1,"name":"Home","item":"https:\/\/www.moloysports.com\/"},{"@type":"ListItem","position":2,"name":"Privacy Policy"}]},{"@type":"WebSite","@id":"https:\/\/www.moloysports.com\/#website","url":"https:\/\/www.moloysports.com\/","name":"MoLoy Sports","description":"","potentialAction":[{"@type":"SearchAction","target":{"@type":"EntryPoint","urlTemplate":"https:\/\/www.moloysports.com\/?s={search_term_string}"},"query-input":{"@type":"PropertyValueSpecification","valueRequired":true,"valueName":"search_term_string"}}],"inLanguage":"pt-PT"}]}},"_links":{"self":[{"href":"https:\/\/www.moloysports.com\/pt\/wp-json\/wp\/v2\/pages\/2458","targetHints":{"allow":["GET"]}}],"collection":[{"href":"https:\/\/www.moloysports.com\/pt\/wp-json\/wp\/v2\/pages"}],"about":[{"href":"https:\/\/www.moloysports.com\/pt\/wp-json\/wp\/v2\/types\/page"}],"author":[{"embeddable":true,"href":"https:\/\/www.moloysports.com\/pt\/wp-json\/wp\/v2\/users\/1"}],"replies":[{"embeddable":true,"href":"https:\/\/www.moloysports.com\/pt\/wp-json\/wp\/v2\/comments?post=2458"}],"version-history":[{"count":0,"href":"https:\/\/www.moloysports.com\/pt\/wp-json\/wp\/v2\/pages\/2458\/revisions"}],"wp:attachment":[{"href":"https:\/\/www.moloysports.com\/pt\/wp-json\/wp\/v2\/media?parent=2458"}],"curies":[{"name":"wp","href":"https:\/\/api.w.org\/{rel}","templated":true}]}}