{"id":2462,"date":"2023-01-15T13:30:30","date_gmt":"2023-01-15T05:30:30","guid":{"rendered":"https:\/\/moloysports.com\/?page_id=2462"},"modified":"2023-01-15T13:30:30","modified_gmt":"2023-01-15T05:30:30","slug":"terms-of-use","status":"publish","type":"page","link":"https:\/\/www.moloysports.com\/pt\/terms-of-use\/","title":{"rendered":"Termos de uso"},"content":{"rendered":"<div class=\"wpb-content-wrapper\"><div class=\"vc_row wpb_row vc_row-fluid\"><div class=\"wpb_column vc_column_container vc_col-sm-12\"><div class=\"vc_column-inner\"><div class=\"wpb_wrapper\">\n\t<div class=\"wpb_text_column wpb_content_element\" >\n\t\t<div class=\"wpb_wrapper\">\n\t\t\t<h2><strong>Termos e Condi\u00e7\u00f5es<\/strong><\/h2>\n<p>Bem-vindo ao Moloy Sports!<\/p>\n<p>Estes termos e condi\u00e7\u00f5es descrevem as regras e regulamentos para o uso do site da Moloy Sports, localizado em https:\/\/www.moloysports.com\/.<\/p>\n<p>Ao aceder a este website assumimos que aceita estes termos e condi\u00e7\u00f5es. N\u00e3o continue a usar o Moloy Sports se n\u00e3o concordar com todos os termos e condi\u00e7\u00f5es estabelecidos nesta p\u00e1gina.<\/p>\n<p>A seguinte terminologia se aplica a estes Termos e Condi\u00e7\u00f5es, Declara\u00e7\u00e3o de Privacidade e Aviso de Isen\u00e7\u00e3o de Responsabilidade e todos os Acordos: \u201cCliente\u201d, \u201cVoc\u00ea\u201d e \u201cSeu\u201d refere-se a voc\u00ea, a pessoa que acessa este site e est\u00e1 em conformidade com os termos e condi\u00e7\u00f5es da Empresa. \u201cA Empresa\u201d, \u201cN\u00f3s mesmos\u201d, \u201cN\u00f3s\u201d, \u201cNosso\u201d e \u201cNos\u201d, refere-se \u00e0 nossa Empresa. \u201cParte\u201d, \u201cPartes\u201d ou \u201cN\u00f3s\u201d refere-se tanto ao Cliente quanto a n\u00f3s mesmos. Todos os termos referem-se \u00e0 oferta, aceita\u00e7\u00e3o e contrapresta\u00e7\u00e3o do pagamento necess\u00e1rio para realizar o processo de nosso atendimento ao Cliente da maneira mais adequada para o prop\u00f3sito expresso de atender \u00e0s necessidades do Cliente quanto \u00e0 presta\u00e7\u00e3o dos servi\u00e7os declarados da Empresa, de acordo com e sujeito \u00e0 lei vigente da Holanda. Qualquer uso da terminologia acima ou outras palavras no singular, plural, letras mai\u00fasculas e\/ou ele\/ela ou eles s\u00e3o considerados intercambi\u00e1veis e, portanto, como referindo-se aos mesmos.<\/p>\n<h3><strong>Biscoitos<\/strong><\/h3>\n<p>Empregamos o uso de cookies. Ao acessar a Moloy Sports, voc\u00ea concorda em usar cookies de acordo com a Pol\u00edtica de Privacidade da Moloy Sports.<\/p>\n<p>A maioria dos sites interativos usa cookies para nos permitir recuperar os detalhes do usu\u00e1rio para cada visita. Os cookies s\u00e3o usados pelo nosso site para permitir a funcionalidade de determinadas \u00e1reas para facilitar as pessoas que visitam nosso site. Alguns de nossos afiliados\/parceiros de publicidade tamb\u00e9m podem usar cookies.<\/p>\n<h3><strong>Licen\u00e7a<\/strong><\/h3>\n<p>Salvo indica\u00e7\u00e3o em contr\u00e1rio, a Moloy Sports e\/ou seus licenciadores det\u00eam os direitos de propriedade intelectual de todo o material da Moloy Sports. Todos os direitos de propriedade intelectual s\u00e3o reservados. Voc\u00ea pode acess\u00e1-lo da Moloy Sports para seu uso pessoal, sujeito \u00e0s restri\u00e7\u00f5es definidas nestes termos e condi\u00e7\u00f5es.<\/p>\n<p>Voc\u00ea n\u00e3o deve:<\/p>\n<ul>\n<li>Republicar material da Moloy Sports<\/li>\n<li>Vender, alugar ou sublicenciar material da Moloy Sports<\/li>\n<li>Reproduzir, duplicar ou copiar material da Moloy Sports<\/li>\n<li>Redistribua o conte\u00fado da Moloy Sports<\/li>\n<\/ul>\n<p>Partes deste site oferecem uma oportunidade para os usu\u00e1rios postarem e trocarem opini\u00f5es e informa\u00e7\u00f5es em determinadas \u00e1reas do site. A Moloy Sports n\u00e3o filtra, edita, publica ou revisa coment\u00e1rios antes de sua presen\u00e7a no site. Os coment\u00e1rios n\u00e3o refletem as vis\u00f5es e opini\u00f5es da Moloy Sports, seus agentes e\/ou afiliados. Os coment\u00e1rios refletem os pontos de vista e opini\u00f5es da pessoa que postou seus pontos de vista e opini\u00f5es. Na medida permitida pelas leis aplic\u00e1veis, a Moloy Sports n\u00e3o ser\u00e1 respons\u00e1vel pelos Coment\u00e1rios ou por qualquer responsabilidade, danos ou despesas causados e\/ou sofridos como resultado de qualquer uso e\/ou publica\u00e7\u00e3o e\/ou apari\u00e7\u00e3o dos Coment\u00e1rios em esse site.<\/p>\n<p>A Moloy Sports reserva-se o direito de monitorar todos os Coment\u00e1rios e remover quaisquer Coment\u00e1rios que possam ser considerados inapropriados, ofensivos ou que infrinjam estes Termos e Condi\u00e7\u00f5es.<\/p>\n<p>Voc\u00ea garante e representa que:<\/p>\n<ul>\n<li>Voc\u00ea tem o direito de postar os Coment\u00e1rios em nosso site e possui todas as licen\u00e7as e consentimentos necess\u00e1rios para faz\u00ea-lo;<\/li>\n<li>Os Coment\u00e1rios n\u00e3o invadem nenhum direito de propriedade intelectual, incluindo, sem limita\u00e7\u00e3o, direitos autorais, patentes ou marcas registradas de terceiros;<\/li>\n<li>Os Coment\u00e1rios n\u00e3o cont\u00eam nenhum material difamat\u00f3rio, calunioso, ofensivo, indecente ou de outra forma ilegal que seja uma invas\u00e3o de privacidade<\/li>\n<li>Os Coment\u00e1rios n\u00e3o ser\u00e3o usados para solicitar ou promover neg\u00f3cios ou costumes ou apresentar atividades comerciais ou atividades ilegais.<\/li>\n<\/ul>\n<p>Voc\u00ea concede \u00e0 Moloy Sports uma licen\u00e7a n\u00e3o exclusiva para usar, reproduzir, editar e autorizar outros a usar, reproduzir e editar qualquer um de seus coment\u00e1rios em todas e quaisquer formas, formatos ou m\u00eddia.<\/p>\n<h3><strong>Hiperlink para o nosso conte\u00fado<\/strong><\/h3>\n<p>As seguintes organiza\u00e7\u00f5es podem vincular-se ao nosso site sem aprova\u00e7\u00e3o pr\u00e9via por escrito:<\/p>\n<ul>\n<li>Ag\u00eancias governamentais;<\/li>\n<li>Motores de busca;<\/li>\n<li>Organiza\u00e7\u00f5es de not\u00edcias;<\/li>\n<li>Os distribuidores de diret\u00f3rios on-line podem vincular-se ao nosso site da mesma maneira que fazem hiperlinks para os sites de outras empresas listadas; e<\/li>\n<li>Empresas credenciadas em todo o sistema, exceto organiza\u00e7\u00f5es sem fins lucrativos, shoppings de caridade e grupos de arrecada\u00e7\u00e3o de fundos de caridade que n\u00e3o podem ter links para nosso site.<\/li>\n<\/ul>\n<p>Essas organiza\u00e7\u00f5es podem ter links para nossa p\u00e1gina inicial, para publica\u00e7\u00f5es ou para outras informa\u00e7\u00f5es do site, desde que o link: (a) n\u00e3o seja de forma alguma enganoso; (b) n\u00e3o implica falsamente patroc\u00ednio, endosso ou aprova\u00e7\u00e3o da parte vinculante e seus produtos e\/ou servi\u00e7os; e (c) se encaixa no contexto do site da parte vinculada.<\/p>\n<p>Podemos considerar e aprovar outras solicita\u00e7\u00f5es de links dos seguintes tipos de organiza\u00e7\u00f5es:<\/p>\n<ul>\n<li>fontes de informa\u00e7\u00f5es de consumidores e\/ou neg\u00f3cios comumente conhecidas;<\/li>\n<li>sites de comunidade ponto.com;<\/li>\n<li>associa\u00e7\u00f5es ou outros grupos que representam institui\u00e7\u00f5es de caridade;<\/li>\n<li>distribuidores de diret\u00f3rios online;<\/li>\n<li>portais de internet;<\/li>\n<li>escrit\u00f3rios de contabilidade, advocacia e consultoria; e<\/li>\n<li>institui\u00e7\u00f5es de ensino e associa\u00e7\u00f5es comerciais.<\/li>\n<\/ul>\n<p>Aprovaremos as solicita\u00e7\u00f5es de link dessas organiza\u00e7\u00f5es se decidirmos que: (a) o link n\u00e3o nos far\u00e1 parecer desfavoravelmente para n\u00f3s mesmos ou para nossos neg\u00f3cios credenciados; (b) a organiza\u00e7\u00e3o n\u00e3o possui registros negativos conosco; (c) o benef\u00edcio para n\u00f3s da visibilidade do hiperlink compensa a aus\u00eancia da Moloy Sports; e (d) o link est\u00e1 no contexto de informa\u00e7\u00f5es gerais sobre recursos.<\/p>\n<p>Essas organiza\u00e7\u00f5es podem vincular-se \u00e0 nossa p\u00e1gina inicial, desde que o link: (a) n\u00e3o seja enganoso; (b) n\u00e3o implica falsamente patroc\u00ednio, endosso ou aprova\u00e7\u00e3o da parte vinculante e seus produtos ou servi\u00e7os; e (c) se encaixa no contexto do site da parte vinculada.<\/p>\n<p>Se voc\u00ea for uma das organiza\u00e7\u00f5es listadas no par\u00e1grafo 2 acima e estiver interessado em criar um link para nosso site, informe-nos enviando um e-mail para Moloy Sports. Inclua seu nome, nome da sua organiza\u00e7\u00e3o, informa\u00e7\u00f5es de contato, bem como a URL do seu site, uma lista de todas as URLs das quais voc\u00ea pretende se conectar ao nosso site e uma lista das URLs em nosso site \u00e0s quais voc\u00ea gostaria de link. Aguarde 2-3 semanas por uma resposta.<\/p>\n<p>As organiza\u00e7\u00f5es aprovadas podem criar links para nosso site da seguinte maneira:<\/p>\n<ul>\n<li>Pelo uso de nosso nome corporativo; ou<\/li>\n<li>Pelo uso do localizador de recursos uniforme ao qual est\u00e1 sendo vinculado; ou<\/li>\n<li>Pelo uso de qualquer outra descri\u00e7\u00e3o de nosso site vinculado a isso que fa\u00e7a sentido dentro do contexto e formato do conte\u00fado do site da parte vinculada.<\/li>\n<\/ul>\n<p>Nenhum uso do logotipo da Moloy Sports ou outra arte ser\u00e1 permitido para vincular um contrato de licen\u00e7a de marca comercial ausente.<\/p>\n<h3><strong>iFrames<\/strong><\/h3>\n<p>Sem aprova\u00e7\u00e3o pr\u00e9via e permiss\u00e3o por escrito, voc\u00ea n\u00e3o pode criar molduras em nossas p\u00e1ginas da Web que alterem de alguma forma a apresenta\u00e7\u00e3o visual ou a apar\u00eancia de nosso site.<\/p>\n<h3><strong>Responsabilidade de conte\u00fado<\/strong><\/h3>\n<p>N\u00e3o nos responsabilizamos por qualquer conte\u00fado que apare\u00e7a em seu site. Voc\u00ea concorda em nos proteger e nos defender contra todas as reivindica\u00e7\u00f5es que surgirem em seu site. Nenhum link deve aparecer em qualquer site que possa ser interpretado como calunioso, obsceno ou criminoso, ou que infrinja, de outra forma viole ou advogue a infra\u00e7\u00e3o ou outra viola\u00e7\u00e3o de quaisquer direitos de terceiros.<\/p>\n<h3><strong>sua privacidade<\/strong><\/h3>\n<p>Por favor, leia a Pol\u00edtica de Privacidade<\/p>\n<h3><strong>Reserva de Direitos<\/strong><\/h3>\n<p>Reservamo-nos o direito de solicitar que voc\u00ea remova todos os links ou qualquer link espec\u00edfico para o nosso site. Voc\u00ea aprova a remo\u00e7\u00e3o imediata de todos os links para nosso site mediante solicita\u00e7\u00e3o. Tamb\u00e9m nos reservamos o direito de alterar estes termos e condi\u00e7\u00f5es e sua pol\u00edtica de links a qualquer momento. Ao vincular-se continuamente ao nosso site, voc\u00ea concorda em cumprir e seguir estes termos e condi\u00e7\u00f5es de vincula\u00e7\u00e3o.<\/p>\n<h3><strong>Remo\u00e7\u00e3o de links do nosso site<\/strong><\/h3>\n<p>Se voc\u00ea encontrar algum link em nosso site que seja ofensivo por qualquer motivo, fique \u00e0 vontade para entrar em contato e nos informar a qualquer momento. Consideraremos solicita\u00e7\u00f5es para remover links, mas n\u00e3o somos obrigados a isso ou a responder diretamente a voc\u00ea.<\/p>\n<p>N\u00e3o garantimos que as informa\u00e7\u00f5es contidas neste site estejam corretas, n\u00e3o garantimos sua integridade ou precis\u00e3o; nem prometemos garantir que o site permane\u00e7a dispon\u00edvel ou que o material do site seja mantido atualizado.<\/p>\n<h3><strong>Isen\u00e7\u00e3o de responsabilidade<\/strong><\/h3>\n<p>Na extens\u00e3o m\u00e1xima permitida pela lei aplic\u00e1vel, exclu\u00edmos todas as representa\u00e7\u00f5es, garantias e condi\u00e7\u00f5es relacionadas ao nosso site e ao uso deste site. Nada neste aviso ir\u00e1:<\/p>\n<ul>\n<li>limitar ou excluir nossa ou sua responsabilidade por morte ou danos pessoais;<\/li>\n<li>limitar ou excluir nossa ou sua responsabilidade por fraude ou deturpa\u00e7\u00e3o fraudulenta;<\/li>\n<li>limitar qualquer uma das nossas ou suas responsabilidades de qualquer forma que n\u00e3o seja permitida pela lei aplic\u00e1vel; ou<\/li>\n<li>excluir qualquer uma das nossas ou suas responsabilidades que n\u00e3o possam ser exclu\u00eddas pela lei aplic\u00e1vel.<\/li>\n<\/ul>\n<p>As limita\u00e7\u00f5es e proibi\u00e7\u00f5es de responsabilidade definidas nesta Se\u00e7\u00e3o e em outras partes deste aviso legal: (a) est\u00e3o sujeitas ao par\u00e1grafo anterior; e (b) regem todas as responsabilidades decorrentes do aviso de isen\u00e7\u00e3o de responsabilidade, incluindo responsabilidades decorrentes de contrato, delito e viola\u00e7\u00e3o de dever estatut\u00e1rio.<\/p>\n<p>Desde que o site e as informa\u00e7\u00f5es e servi\u00e7os no site sejam fornecidos gratuitamente, n\u00e3o seremos respons\u00e1veis por qualquer perda ou dano de qualquer natureza.<\/p>\n\n\t\t<\/div>\n\t<\/div>\n<\/div><\/div><\/div><\/div>\n<\/div>","protected":false},"excerpt":{"rendered":"Termos e Condi\u00e7\u00f5es Bem-vindo \u00e0 Moloy Sports! Estes termos e condi\u00e7\u00f5es descrevem as regras e regulamentos para o uso do site da Moloy Sports, localizado em https:\/\/www.moloysports.com\/. Ao acessar este site, presumimos que voc\u00ea aceita estes termos e condi\u00e7\u00f5es.<span class=\"excerpt-hellip\"> [\u2026]<\/span>","protected":false},"author":1,"featured_media":0,"parent":0,"menu_order":0,"comment_status":"closed","ping_status":"closed","template":"","meta":{"footnotes":""},"class_list":["post-2462","page","type-page","status-publish","hentry"],"yoast_head":"<!-- This site is optimized with the Yoast SEO plugin v27.2 - https:\/\/yoast.com\/product\/yoast-seo-wordpress\/ -->\n<title>Terms of Use Supplier | MoLoy Sports<\/title>\n<meta name=\"description\" content=\"Moloy Sports, the leading supplier of Stand Up Paddleboard, Surfboards, Racing Board, Inflatable SUPs, Surfing Accessories.To Be Our Distributor. Contact Today!\" \/>\n<meta name=\"robots\" content=\"index, follow, max-snippet:-1, max-image-preview:large, max-video-preview:-1\" \/>\n<link rel=\"canonical\" href=\"https:\/\/www.moloysports.com\/pt\/terms-of-use\/\" \/>\n<meta property=\"og:locale\" content=\"pt_PT\" \/>\n<meta property=\"og:type\" content=\"article\" \/>\n<meta property=\"og:title\" content=\"Terms of Use Supplier | MoLoy Sports\" \/>\n<meta property=\"og:description\" content=\"Moloy Sports, the leading supplier of Stand Up Paddleboard, Surfboards, Racing Board, Inflatable SUPs, Surfing Accessories.To Be Our Distributor. Contact Today!\" \/>\n<meta property=\"og:url\" content=\"https:\/\/www.moloysports.com\/pt\/terms-of-use\/\" \/>\n<meta property=\"og:site_name\" content=\"MoLoy Sports\" \/>\n<meta name=\"twitter:card\" content=\"summary_large_image\" \/>\n<meta name=\"twitter:label1\" content=\"Tempo estimado de leitura\" \/>\n\t<meta name=\"twitter:data1\" content=\"7 minutos\" \/>\n<script type=\"application\/ld+json\" class=\"yoast-schema-graph\">{\"@context\":\"https:\/\/schema.org\",\"@graph\":[{\"@type\":\"WebPage\",\"@id\":\"https:\/\/www.moloysports.com\/terms-of-use\/\",\"url\":\"https:\/\/www.moloysports.com\/terms-of-use\/\",\"name\":\"Terms of Use Supplier | MoLoy Sports\",\"isPartOf\":{\"@id\":\"https:\/\/www.moloysports.com\/#website\"},\"datePublished\":\"2023-01-15T05:30:30+00:00\",\"description\":\"Moloy Sports, the leading supplier of Stand Up Paddleboard, Surfboards, Racing Board, Inflatable SUPs, Surfing Accessories.To Be Our Distributor. Contact Today!\",\"breadcrumb\":{\"@id\":\"https:\/\/www.moloysports.com\/terms-of-use\/#breadcrumb\"},\"inLanguage\":\"pt-PT\",\"potentialAction\":[{\"@type\":\"ReadAction\",\"target\":[\"https:\/\/www.moloysports.com\/terms-of-use\/\"]}]},{\"@type\":\"BreadcrumbList\",\"@id\":\"https:\/\/www.moloysports.com\/terms-of-use\/#breadcrumb\",\"itemListElement\":[{\"@type\":\"ListItem\",\"position\":1,\"name\":\"Home\",\"item\":\"https:\/\/www.moloysports.com\/\"},{\"@type\":\"ListItem\",\"position\":2,\"name\":\"Terms of Use\"}]},{\"@type\":\"WebSite\",\"@id\":\"https:\/\/www.moloysports.com\/#website\",\"url\":\"https:\/\/www.moloysports.com\/\",\"name\":\"MoLoy Sports\",\"description\":\"\",\"potentialAction\":[{\"@type\":\"SearchAction\",\"target\":{\"@type\":\"EntryPoint\",\"urlTemplate\":\"https:\/\/www.moloysports.com\/?s={search_term_string}\"},\"query-input\":{\"@type\":\"PropertyValueSpecification\",\"valueRequired\":true,\"valueName\":\"search_term_string\"}}],\"inLanguage\":\"pt-PT\"}]}<\/script>\n<!-- \/ Yoast SEO plugin. -->","yoast_head_json":{"title":"Terms of Use Supplier | MoLoy Sports","description":"Moloy Sports, the leading supplier of Stand Up Paddleboard, Surfboards, Racing Board, Inflatable SUPs, Surfing Accessories.To Be Our Distributor. Contact Today!","robots":{"index":"index","follow":"follow","max-snippet":"max-snippet:-1","max-image-preview":"max-image-preview:large","max-video-preview":"max-video-preview:-1"},"canonical":"https:\/\/www.moloysports.com\/pt\/terms-of-use\/","og_locale":"pt_PT","og_type":"article","og_title":"Terms of Use Supplier | MoLoy Sports","og_description":"Moloy Sports, the leading supplier of Stand Up Paddleboard, Surfboards, Racing Board, Inflatable SUPs, Surfing Accessories.To Be Our Distributor. Contact Today!","og_url":"https:\/\/www.moloysports.com\/pt\/terms-of-use\/","og_site_name":"MoLoy Sports","twitter_card":"summary_large_image","twitter_misc":{"Tempo estimado de leitura":"7 minutos"},"schema":{"@context":"https:\/\/schema.org","@graph":[{"@type":"WebPage","@id":"https:\/\/www.moloysports.com\/terms-of-use\/","url":"https:\/\/www.moloysports.com\/terms-of-use\/","name":"Terms of Use Supplier | MoLoy Sports","isPartOf":{"@id":"https:\/\/www.moloysports.com\/#website"},"datePublished":"2023-01-15T05:30:30+00:00","description":"Moloy Sports, the leading supplier of Stand Up Paddleboard, Surfboards, Racing Board, Inflatable SUPs, Surfing Accessories.To Be Our Distributor. Contact Today!","breadcrumb":{"@id":"https:\/\/www.moloysports.com\/terms-of-use\/#breadcrumb"},"inLanguage":"pt-PT","potentialAction":[{"@type":"ReadAction","target":["https:\/\/www.moloysports.com\/terms-of-use\/"]}]},{"@type":"BreadcrumbList","@id":"https:\/\/www.moloysports.com\/terms-of-use\/#breadcrumb","itemListElement":[{"@type":"ListItem","position":1,"name":"Home","item":"https:\/\/www.moloysports.com\/"},{"@type":"ListItem","position":2,"name":"Terms of Use"}]},{"@type":"WebSite","@id":"https:\/\/www.moloysports.com\/#website","url":"https:\/\/www.moloysports.com\/","name":"MoLoy Sports","description":"","potentialAction":[{"@type":"SearchAction","target":{"@type":"EntryPoint","urlTemplate":"https:\/\/www.moloysports.com\/?s={search_term_string}"},"query-input":{"@type":"PropertyValueSpecification","valueRequired":true,"valueName":"search_term_string"}}],"inLanguage":"pt-PT"}]}},"_links":{"self":[{"href":"https:\/\/www.moloysports.com\/pt\/wp-json\/wp\/v2\/pages\/2462","targetHints":{"allow":["GET"]}}],"collection":[{"href":"https:\/\/www.moloysports.com\/pt\/wp-json\/wp\/v2\/pages"}],"about":[{"href":"https:\/\/www.moloysports.com\/pt\/wp-json\/wp\/v2\/types\/page"}],"author":[{"embeddable":true,"href":"https:\/\/www.moloysports.com\/pt\/wp-json\/wp\/v2\/users\/1"}],"replies":[{"embeddable":true,"href":"https:\/\/www.moloysports.com\/pt\/wp-json\/wp\/v2\/comments?post=2462"}],"version-history":[{"count":0,"href":"https:\/\/www.moloysports.com\/pt\/wp-json\/wp\/v2\/pages\/2462\/revisions"}],"wp:attachment":[{"href":"https:\/\/www.moloysports.com\/pt\/wp-json\/wp\/v2\/media?parent=2462"}],"curies":[{"name":"wp","href":"https:\/\/api.w.org\/{rel}","templated":true}]}}