{"id":2458,"date":"2023-01-15T13:03:26","date_gmt":"2023-01-15T05:03:26","guid":{"rendered":"https:\/\/moloysports.com\/?page_id=2458"},"modified":"2023-01-15T13:28:06","modified_gmt":"2023-01-15T05:28:06","slug":"privacy-policy","status":"publish","type":"page","link":"https:\/\/www.moloysports.com\/sv\/privacy-policy\/","title":{"rendered":"Sekretesspolicy"},"content":{"rendered":"<div class=\"wpb-content-wrapper\"><div class=\"vc_row wpb_row vc_row-fluid\"><div class=\"wpb_column vc_column_container vc_col-sm-12\"><div class=\"vc_column-inner\"><div class=\"wpb_wrapper\">\n\t<div class=\"wpb_text_column wpb_content_element\" >\n\t\t<div class=\"wpb_wrapper\">\n\t\t\t<h1>Integritetspolicy f\u00f6r Moloy Sports<\/h1>\n<p>P\u00e5 Moloy Sports, tillg\u00e4nglig fr\u00e5n https:\/\/www.moloysports.com\/, \u00e4r en av v\u00e5ra huvudprioriteringar v\u00e5ra bes\u00f6kares integritet. Detta dokument med sekretesspolicy inneh\u00e5ller typer av information som samlas in och registreras av Moloy Sports och hur vi anv\u00e4nder den.<\/p>\n<p>Om du har ytterligare fr\u00e5gor eller beh\u00f6ver mer information om v\u00e5r integritetspolicy, tveka inte att kontakta oss.<\/p>\n<p>Denna integritetspolicy g\u00e4ller endast v\u00e5ra onlineaktiviteter och \u00e4r giltig f\u00f6r bes\u00f6kare p\u00e5 v\u00e5r webbplats med avseende p\u00e5 informationen som de delat och\/eller samlar in i Moloy Sports. Denna policy \u00e4r inte till\u00e4mplig p\u00e5 information som samlas in offline eller via andra kanaler \u00e4n denna webbplats.<\/p>\n<h2>Samtycke<\/h2>\n<p>Genom att anv\u00e4nda v\u00e5r webbplats samtycker du h\u00e4rmed till v\u00e5r integritetspolicy och godk\u00e4nner dess villkor.<\/p>\n<h2>Information vi samlar in<\/h2>\n<p>Den personliga information som du ombeds l\u00e4mna, och sk\u00e4len till varf\u00f6r du ombeds att tillhandah\u00e5lla den, kommer att klarg\u00f6ras f\u00f6r dig n\u00e4r vi ber dig att l\u00e4mna din personliga information.<\/p>\n<p>Om du kontaktar oss direkt kan vi f\u00e5 ytterligare information om dig s\u00e5som ditt namn, e-postadress, telefonnummer, inneh\u00e5llet i meddelandet och\/eller bilagor du kan skicka till oss och all annan information du kan v\u00e4lja att tillhandah\u00e5lla.<\/p>\n<p>N\u00e4r du registrerar dig f\u00f6r ett konto kan vi be om din kontaktinformation, inklusive uppgifter som namn, f\u00f6retagsnamn, adress, e-postadress och telefonnummer.<\/p>\n<h2>Hur vi anv\u00e4nder din information<\/h2>\n<p>Vi anv\u00e4nder informationen vi samlar in p\u00e5 olika s\u00e4tt, inklusive f\u00f6r att:<\/p>\n<ul>\n<li>Tillhandah\u00e5lla, driva och underh\u00e5lla v\u00e5r webbplats<\/li>\n<li>F\u00f6rb\u00e4ttra, anpassa och ut\u00f6ka v\u00e5r webbplats<\/li>\n<li>F\u00f6rst\u00e5 och analysera hur du anv\u00e4nder v\u00e5r webbplats<\/li>\n<li>Utveckla nya produkter, tj\u00e4nster, funktioner och funktionalitet<\/li>\n<li>Kommunicera med dig, antingen direkt eller genom n\u00e5gon av v\u00e5ra partners, inklusive f\u00f6r kundtj\u00e4nst, f\u00f6r att f\u00f6rse dig med uppdateringar och annan information som r\u00f6r webbplatsen och f\u00f6r marknadsf\u00f6rings- och reklamsyfte<\/li>\n<li>Skickar mejl till dig<\/li>\n<li>Hitta och f\u00f6rhindra bedr\u00e4gerier<\/li>\n<\/ul>\n<h2>Loggfiler<\/h2>\n<p>Moloy Sports f\u00f6ljer en standardprocedur f\u00f6r att anv\u00e4nda loggfiler. Dessa filer loggar bes\u00f6kare n\u00e4r de bes\u00f6ker webbplatser. Alla v\u00e4rdf\u00f6retag g\u00f6r detta och \u00e4r en del av v\u00e4rdtj\u00e4nsternas analys. Informationen som samlas in av loggfiler inkluderar IP-adresser (Internet Protocol), webbl\u00e4sartyp, Internetleverant\u00f6r (ISP), datum- och tidsst\u00e4mpel, referens-\/utg\u00e5ngssidor och m\u00f6jligen antalet klick. Dessa \u00e4r inte kopplade till n\u00e5gon information som \u00e4r personligt identifierbar. Syftet med informationen \u00e4r att analysera trender, administrera webbplatsen, sp\u00e5ra anv\u00e4ndares r\u00f6relser p\u00e5 webbplatsen och samla in demografisk information.<\/p>\n<h2>Annonspartners sekretesspolicy<\/h2>\n<p>Du kan konsultera den h\u00e4r listan f\u00f6r att hitta sekretesspolicyn f\u00f6r var och en av Moloy Sports reklampartner.<\/p>\n<p>Tredjeparts annonsservrar eller annonsn\u00e4tverk anv\u00e4nder tekniker som cookies, JavaScript eller Web Beacons som anv\u00e4nds i deras respektive annonser och l\u00e4nkar som visas p\u00e5 Moloy Sports, som skickas direkt till anv\u00e4ndarnas webbl\u00e4sare. De f\u00e5r automatiskt din IP-adress n\u00e4r detta intr\u00e4ffar. Dessa tekniker anv\u00e4nds f\u00f6r att m\u00e4ta effektiviteten av deras reklamkampanjer och\/eller f\u00f6r att anpassa annonsinneh\u00e5llet som du ser p\u00e5 webbplatser som du bes\u00f6ker.<\/p>\n<p>Observera att Moloy Sports inte har tillg\u00e5ng till eller kontroll \u00f6ver dessa cookies som anv\u00e4nds av tredjepartsannons\u00f6rer.<\/p>\n<h2>Tredje parts sekretesspolicyer<\/h2>\n<p>Moloy Sports sekretesspolicy g\u00e4ller inte andra annons\u00f6rer eller webbplatser. D\u00e4rf\u00f6r r\u00e5der vi dig att konsultera respektive sekretesspolicy f\u00f6r dessa tredjepartsannonsservrar f\u00f6r mer detaljerad information. Det kan inneh\u00e5lla deras praxis och instruktioner om hur man v\u00e4ljer bort vissa alternativ.<\/p>\n<p>Du kan v\u00e4lja att inaktivera cookies genom dina individuella webbl\u00e4saralternativ. F\u00f6r att f\u00e5 mer detaljerad information om cookiehantering med specifika webbl\u00e4sare finns den p\u00e5 webbl\u00e4sarnas respektive webbplatser.<\/p>\n<h2>CCPA-sekretessr\u00e4ttigheter (s\u00e4lj inte min personliga information)<\/h2>\n<p>Enligt CCPA, bland andra r\u00e4ttigheter, har konsumenter i Kalifornien r\u00e4tt att:<\/p>\n<p>Beg\u00e4r att ett f\u00f6retag som samlar in en konsuments personuppgifter avsl\u00f6jar de kategorier och specifika delar av personuppgifter som ett f\u00f6retag har samlat in om konsumenter.<\/p>\n<p>Beg\u00e4r att ett f\u00f6retag raderar eventuella personuppgifter om konsumenten som ett f\u00f6retag har samlat in.<\/p>\n<p>Beg\u00e4r att ett f\u00f6retag som s\u00e4ljer en konsuments personuppgifter inte s\u00e4ljer konsumentens personuppgifter.<\/p>\n<p>Om du g\u00f6r en f\u00f6rfr\u00e5gan har vi en m\u00e5nad p\u00e5 oss att svara dig. Om du vill ut\u00f6va n\u00e5gon av dessa r\u00e4ttigheter, v\u00e4nligen kontakta oss.<\/p>\n<h2>GDPR Dataskyddsr\u00e4ttigheter<\/h2>\n<p>Vi vill se till att du \u00e4r fullt medveten om alla dina dataskyddsr\u00e4ttigheter. Varje anv\u00e4ndare har r\u00e4tt till f\u00f6ljande:<\/p>\n<p>R\u00e4tt till tillg\u00e5ng \u2013 Du har r\u00e4tt att beg\u00e4ra kopior av dina personuppgifter. Vi kan ta ut en liten avgift f\u00f6r denna tj\u00e4nst.<\/p>\n<p>R\u00e4tten till r\u00e4ttelse \u2013 Du har r\u00e4tt att beg\u00e4ra att vi korrigerar all information som du anser \u00e4r felaktig. Du har ocks\u00e5 r\u00e4tt att beg\u00e4ra att vi kompletterar den information du anser \u00e4r ofullst\u00e4ndig.<\/p>\n<p>R\u00e4tten till radering \u2013 Du har r\u00e4tt att beg\u00e4ra att vi raderar dina personuppgifter, under vissa f\u00f6ruts\u00e4ttningar.<\/p>\n<p>R\u00e4tten att begr\u00e4nsa behandlingen \u2013 Du har r\u00e4tt att beg\u00e4ra att vi begr\u00e4nsar behandlingen av dina personuppgifter, under vissa f\u00f6ruts\u00e4ttningar.<\/p>\n<p>R\u00e4tt att inv\u00e4nda mot behandling \u2013 Du har r\u00e4tt att inv\u00e4nda mot v\u00e5r behandling av dina personuppgifter, under vissa f\u00f6ruts\u00e4ttningar.<\/p>\n<p>R\u00e4tten till dataportabilitet \u2013 Du har r\u00e4tt att beg\u00e4ra att vi \u00f6verf\u00f6r de uppgifter som vi har samlat in till en annan organisation, eller direkt till dig, under vissa f\u00f6ruts\u00e4ttningar.<\/p>\n<p>Om du g\u00f6r en f\u00f6rfr\u00e5gan har vi en m\u00e5nad p\u00e5 oss att svara dig. Om du vill ut\u00f6va n\u00e5gon av dessa r\u00e4ttigheter, v\u00e4nligen kontakta oss.<\/p>\n<h2>Barninformation<\/h2>\n<p>En annan del av v\u00e5r prioritet \u00e4r att l\u00e4gga till skydd f\u00f6r barn n\u00e4r de anv\u00e4nder internet. Vi uppmuntrar f\u00f6r\u00e4ldrar och v\u00e5rdnadshavare att observera, delta i och\/eller \u00f6vervaka och v\u00e4gleda deras onlineaktivitet.<\/p>\n<p>Moloy Sports samlar inte medvetet in n\u00e5gon personlig identifierbar information fr\u00e5n barn under 13 \u00e5r. Om du tror att ditt barn har l\u00e4mnat denna typ av information p\u00e5 v\u00e5r webbplats, rekommenderar vi starkt att du kontaktar oss omedelbart och vi kommer att g\u00f6ra v\u00e5rt b\u00e4sta f\u00f6r att snabbt ta bort s\u00e5dan information fr\u00e5n v\u00e5ra register.<\/p>\n\n\t\t<\/div>\n\t<\/div>\n<\/div><\/div><\/div><\/div>\n<\/div>","protected":false},"excerpt":{"rendered":"Integritetspolicy f\u00f6r Moloy Sports P\u00e5 Moloy Sports, tillg\u00e4nglig fr\u00e5n https:\/\/www.moloysports.com\/, \u00e4r en av v\u00e5ra huvudprioriteringar v\u00e5ra bes\u00f6kares integritet. Denna integritetspolicy inneh\u00e5ller de typer av information som samlas in och registreras.<span class=\"excerpt-hellip\"> [\u2026]<\/span>","protected":false},"author":1,"featured_media":0,"parent":0,"menu_order":0,"comment_status":"closed","ping_status":"closed","template":"","meta":{"footnotes":""},"class_list":["post-2458","page","type-page","status-publish","hentry"],"yoast_head":"<!-- This site is optimized with the Yoast SEO plugin v27.2 - https:\/\/yoast.com\/product\/yoast-seo-wordpress\/ -->\n<title>Privacy Policy Supplier | MoLoy Sports<\/title>\n<meta name=\"description\" content=\"Moloy Sports, the leading supplier of Stand Up Paddleboard, Surfboards, Racing Board, Inflatable SUPs, Surfing Accessories.To Be Our Distributor. Contact Today!\" \/>\n<meta name=\"robots\" content=\"index, follow, max-snippet:-1, max-image-preview:large, max-video-preview:-1\" \/>\n<link rel=\"canonical\" href=\"https:\/\/www.moloysports.com\/sv\/privacy-policy\/\" \/>\n<meta property=\"og:locale\" content=\"sv_SE\" \/>\n<meta property=\"og:type\" content=\"article\" \/>\n<meta property=\"og:title\" content=\"Privacy Policy Supplier | MoLoy Sports\" \/>\n<meta property=\"og:description\" content=\"Moloy Sports, the leading supplier of Stand Up Paddleboard, Surfboards, Racing Board, Inflatable SUPs, Surfing Accessories.To Be Our Distributor. Contact Today!\" \/>\n<meta property=\"og:url\" content=\"https:\/\/www.moloysports.com\/sv\/privacy-policy\/\" \/>\n<meta property=\"og:site_name\" content=\"MoLoy Sports\" \/>\n<meta property=\"article:modified_time\" content=\"2023-01-15T05:28:06+00:00\" \/>\n<meta name=\"twitter:card\" content=\"summary_large_image\" \/>\n<meta name=\"twitter:label1\" content=\"Ber\u00e4knad l\u00e4stid\" \/>\n\t<meta name=\"twitter:data1\" content=\"5 minuter\" \/>\n<script type=\"application\/ld+json\" class=\"yoast-schema-graph\">{\"@context\":\"https:\/\/schema.org\",\"@graph\":[{\"@type\":\"WebPage\",\"@id\":\"https:\/\/www.moloysports.com\/privacy-policy\/\",\"url\":\"https:\/\/www.moloysports.com\/privacy-policy\/\",\"name\":\"Privacy Policy Supplier | MoLoy Sports\",\"isPartOf\":{\"@id\":\"https:\/\/www.moloysports.com\/#website\"},\"datePublished\":\"2023-01-15T05:03:26+00:00\",\"dateModified\":\"2023-01-15T05:28:06+00:00\",\"description\":\"Moloy Sports, the leading supplier of Stand Up Paddleboard, Surfboards, Racing Board, Inflatable SUPs, Surfing Accessories.To Be Our Distributor. Contact Today!\",\"breadcrumb\":{\"@id\":\"https:\/\/www.moloysports.com\/privacy-policy\/#breadcrumb\"},\"inLanguage\":\"sv-SE\",\"potentialAction\":[{\"@type\":\"ReadAction\",\"target\":[\"https:\/\/www.moloysports.com\/privacy-policy\/\"]}]},{\"@type\":\"BreadcrumbList\",\"@id\":\"https:\/\/www.moloysports.com\/privacy-policy\/#breadcrumb\",\"itemListElement\":[{\"@type\":\"ListItem\",\"position\":1,\"name\":\"Home\",\"item\":\"https:\/\/www.moloysports.com\/\"},{\"@type\":\"ListItem\",\"position\":2,\"name\":\"Privacy Policy\"}]},{\"@type\":\"WebSite\",\"@id\":\"https:\/\/www.moloysports.com\/#website\",\"url\":\"https:\/\/www.moloysports.com\/\",\"name\":\"MoLoy Sports\",\"description\":\"\",\"potentialAction\":[{\"@type\":\"SearchAction\",\"target\":{\"@type\":\"EntryPoint\",\"urlTemplate\":\"https:\/\/www.moloysports.com\/?s={search_term_string}\"},\"query-input\":{\"@type\":\"PropertyValueSpecification\",\"valueRequired\":true,\"valueName\":\"search_term_string\"}}],\"inLanguage\":\"sv-SE\"}]}<\/script>\n<!-- \/ Yoast SEO plugin. -->","yoast_head_json":{"title":"Privacy Policy Supplier | MoLoy Sports","description":"Moloy Sports, the leading supplier of Stand Up Paddleboard, Surfboards, Racing Board, Inflatable SUPs, Surfing Accessories.To Be Our Distributor. Contact Today!","robots":{"index":"index","follow":"follow","max-snippet":"max-snippet:-1","max-image-preview":"max-image-preview:large","max-video-preview":"max-video-preview:-1"},"canonical":"https:\/\/www.moloysports.com\/sv\/privacy-policy\/","og_locale":"sv_SE","og_type":"article","og_title":"Privacy Policy Supplier | MoLoy Sports","og_description":"Moloy Sports, the leading supplier of Stand Up Paddleboard, Surfboards, Racing Board, Inflatable SUPs, Surfing Accessories.To Be Our Distributor. Contact Today!","og_url":"https:\/\/www.moloysports.com\/sv\/privacy-policy\/","og_site_name":"MoLoy Sports","article_modified_time":"2023-01-15T05:28:06+00:00","twitter_card":"summary_large_image","twitter_misc":{"Ber\u00e4knad l\u00e4stid":"5 minuter"},"schema":{"@context":"https:\/\/schema.org","@graph":[{"@type":"WebPage","@id":"https:\/\/www.moloysports.com\/privacy-policy\/","url":"https:\/\/www.moloysports.com\/privacy-policy\/","name":"Privacy Policy Supplier | MoLoy Sports","isPartOf":{"@id":"https:\/\/www.moloysports.com\/#website"},"datePublished":"2023-01-15T05:03:26+00:00","dateModified":"2023-01-15T05:28:06+00:00","description":"Moloy Sports, the leading supplier of Stand Up Paddleboard, Surfboards, Racing Board, Inflatable SUPs, Surfing Accessories.To Be Our Distributor. Contact Today!","breadcrumb":{"@id":"https:\/\/www.moloysports.com\/privacy-policy\/#breadcrumb"},"inLanguage":"sv-SE","potentialAction":[{"@type":"ReadAction","target":["https:\/\/www.moloysports.com\/privacy-policy\/"]}]},{"@type":"BreadcrumbList","@id":"https:\/\/www.moloysports.com\/privacy-policy\/#breadcrumb","itemListElement":[{"@type":"ListItem","position":1,"name":"Home","item":"https:\/\/www.moloysports.com\/"},{"@type":"ListItem","position":2,"name":"Privacy Policy"}]},{"@type":"WebSite","@id":"https:\/\/www.moloysports.com\/#website","url":"https:\/\/www.moloysports.com\/","name":"MoLoy Sports","description":"","potentialAction":[{"@type":"SearchAction","target":{"@type":"EntryPoint","urlTemplate":"https:\/\/www.moloysports.com\/?s={search_term_string}"},"query-input":{"@type":"PropertyValueSpecification","valueRequired":true,"valueName":"search_term_string"}}],"inLanguage":"sv-SE"}]}},"_links":{"self":[{"href":"https:\/\/www.moloysports.com\/sv\/wp-json\/wp\/v2\/pages\/2458","targetHints":{"allow":["GET"]}}],"collection":[{"href":"https:\/\/www.moloysports.com\/sv\/wp-json\/wp\/v2\/pages"}],"about":[{"href":"https:\/\/www.moloysports.com\/sv\/wp-json\/wp\/v2\/types\/page"}],"author":[{"embeddable":true,"href":"https:\/\/www.moloysports.com\/sv\/wp-json\/wp\/v2\/users\/1"}],"replies":[{"embeddable":true,"href":"https:\/\/www.moloysports.com\/sv\/wp-json\/wp\/v2\/comments?post=2458"}],"version-history":[{"count":0,"href":"https:\/\/www.moloysports.com\/sv\/wp-json\/wp\/v2\/pages\/2458\/revisions"}],"wp:attachment":[{"href":"https:\/\/www.moloysports.com\/sv\/wp-json\/wp\/v2\/media?parent=2458"}],"curies":[{"name":"wp","href":"https:\/\/api.w.org\/{rel}","templated":true}]}}